{"id":6,"date":"2025-10-17T15:51:36","date_gmt":"2025-10-17T15:51:36","guid":{"rendered":"http:\/\/www.kotihoivakatriina.fi\/?page_id=6"},"modified":"2025-10-22T00:07:43","modified_gmt":"2025-10-21T22:07:43","slug":"hinnasto","status":"publish","type":"page","link":"https:\/\/www.kotihoivakatriina.fi\/index.php\/hinnasto\/","title":{"rendered":"Hinnasto"},"content":{"rendered":"\r\n\r\n\r\n\r\n\r\n<p>Kotihoivan perushinta on 50 \u20ac \/ tunti.<br \/>Kotitalous\u00adv\u00e4hennyksen j\u00e4lkeen maksettavaksi j\u00e4\u00e4 32,50 \u20ac \/ tunti (vuosi 2025).<\/p>\r\n<table style=\"hyphens: auto;\">\r\n<tbody>\r\n<tr align=\"left\">\r\n<th>Aika<\/th>\r\n<th>Hinta \u20ac \/ tunti<\/th>\r\n<th>Kotitalous\u00adv\u00e4hennyksen <br \/>j\u00e4lkeen<\/th>\r\n<\/tr>\r\n<tr>\r\n<td>Arkisin klo 9\u201316<\/td>\r\n<td>50,00<\/td>\r\n<td>32,50<\/td>\r\n<\/tr>\r\n<tr>\r\n<td>Arki-ilta klo 16\u201321<\/td>\r\n<td>60,00<\/td>\r\n<td>39,00<\/td>\r\n<\/tr>\r\n<tr>\r\n<td>Lauantai klo 9\u201316<\/td>\r\n<td>70,00<\/td>\r\n<td>45,50<\/td>\r\n<\/tr>\r\n<tr>\r\n<td>Lauantai-ilta klo 16\u201321<\/td>\r\n<td>90,00<\/td>\r\n<td>58,50<\/td>\r\n<\/tr>\r\n<tr>\r\n<td>Sunnuntai\/pyh\u00e4t klo 8\u201316<\/td>\r\n<td>80,00<\/td>\r\n<td>52,00<\/td>\r\n<\/tr>\r\n<tr>\r\n<td>Sunnuntai-\/pyh\u00e4ilta klo 16\u201321<\/td>\r\n<td>100,00<\/td>\r\n<td>65,00<\/td>\r\n<\/tr>\r\n<\/tbody>\r\n<\/table>\r\n<p>Klo 21 j\u00e4lkeen ja \u00f6isin sopimuksen mukaan.<\/p>\r\n<p>Tutustumisk\u00e4yntin on maksuton eik\u00e4 se sido mihink\u00e4\u00e4n.\u00a0<\/p>\r\n\r\n\r\n\r\n<h3 id=\"h-huomioi-35-kotitalousvahennys-palveluistamme\" class=\"wp-block-heading\">Huomioi -35 % kotitalousv\u00e4hennys palveluistamme!<\/h3>\r\n\r\n\r\n\r\n<p>Kotitalousv\u00e4hennyksen\u00e4 voit v\u00e4hent\u00e4\u00e4 35 prosenttia maksamasi ty\u00f6n m\u00e4\u00e4r\u00e4st\u00e4. Vuonna 2025 voit saada kotitalousv\u00e4hennyst\u00e4 maksimissaan 1.600 euroa vuodessa henkil\u00f6\u00e4 kohden. V\u00e4hennyksen omavastuu on 150 euroa henkil\u00f6lt\u00e4 vuodessa.<\/p>\r\n\r\n\r\n\r\n<p>Kotitalousv\u00e4hennys on henkil\u00f6kohtainen, joten voit saada puolisosi kanssa yhteens\u00e4 3.200 euron v\u00e4hennyksen. Kunhan 1.600 euron raja ei ylity, v\u00e4hennys kannattaa hakea vain toiselle puolisolle. Silloin kotitalousv\u00e4hennyksen 150 euron omavastuu v\u00e4hennet\u00e4\u00e4n vain yhden kerran.<\/p>\r\n<p>Katso <a href=\"https:\/\/www.kotihoivakatriina.fi\/index.php\/maksuehdot\/\">Maksuehdot<\/a>.<\/p>\r\n<h2>Kotitalousv\u00e4hennyslaskuri<\/h2>\r\n\n  <form id=\"kotitalousvahennys-form\" onsubmit=\"return false;\">\n    <p><strong>V\u00e4hennyksen tyyppi:<\/strong> Kotitalous-, hoiva- ja hoitoty\u00f6<\/p>\n\n    <p>\n      <label for=\"summa\" style=\"font-weight:bold;\">\n        Ty\u00f6n osuus arvonlis\u00e4veroineen        \n      <\/label><br>\n      <input type=\"text\" id=\"summa\" name=\"summa\"\n        style=\"\n          width:100%;max-width:400px;padding:12px;border:1px solid #ccc;border-radius:4px;\n          font-size:16px;box-sizing:border-box;\n        \">\n      <p id=\"virhe\" style=\"color:red;display:none;margin-top:6px;\"><\/p>\n    <\/p>\n\n\n\n    <p style=\"margin-top:10px;\">\n      <button type=\"button\" id=\"laske\"\n        style=\"padding:10px 24px;border:none;border-radius:40px;font-size:16px;\n               cursor:pointer;background-color:green;color:white;\">\n        Laske\n      <\/button>\n      <button type=\"button\" id=\"tyhjenna\"\n        style=\"padding:10px 24px;border:none;background:transparent;cursor:pointer;\">\n        <u>Tyhjenn\u00e4<\/u>\n      <\/button>\n    <\/p>\n\n    <div id=\"tulosalue\" style=\"display:none;margin-top:20px;border:1px solid #ddd;background-color:#f9f9f9;padding:20px;\">\n      <div style=\"background-color:white;padding:16px;text-align:center;\">\n        <h3 style=\"margin:0;font-size:20px;\">Kotitalousv\u00e4hennyksen m\u00e4\u00e4r\u00e4<\/h3>\n        <p id=\"laskuri\" style=\"color:green;font-size:26px;font-weight:bold;margin:8px 0 0 0;\">0,00 \u20ac<\/p>\n      <\/div>\n\n      <div style=\"margin-top:16px;\">\n        <p style=\"font-weight:bold;margin-bottom:6px;\">Laskennan perusteet<\/p>\n        <table style=\"width:100%;border-collapse:collapse;\">\n          <tr><td style=\"border:1px solid #ccc;padding:8px;font-weight:bold;\">Ty\u00f6n osuus arvonlis\u00e4veroineen:<\/td><td id=\"r_tyonsosuus\" style=\"border:1px solid #ccc;padding:8px;\">\u2013<\/td><\/tr>\n          <tr><td style=\"border:1px solid #ccc;padding:8px;font-weight:bold;\">Prosentti:<\/td><td id=\"r_prosentti\" style=\"border:1px solid #ccc;padding:8px;\">35 %<\/td><\/tr>\n          <tr><td style=\"border:1px solid #ccc;padding:8px;font-weight:bold;\">Omavastuu:<\/td><td id=\"r_omavastuu\" style=\"border:1px solid #ccc;padding:8px;\">150 \u20ac<\/td><\/tr>\n          <tr><td style=\"border:1px solid #ccc;padding:8px;font-weight:bold;\">Laskukaava:<\/td><td style=\"border:1px solid #ccc;padding:8px;\">Ty\u00f6n osuus \u00d7 prosenttiosuus \u2212 omavastuu<\/td><\/tr>\n          <tr><td style=\"border:1px solid #ccc;padding:8px;font-weight:bold;\">Kotitalousv\u00e4hennys laskettu seuraavasti:<\/td><td id=\"r_laskukaava\" style=\"border:1px solid #ccc;padding:8px;\">\u2013<\/td><\/tr>\n          <tr><td style=\"border:1px solid #ccc;padding:8px;font-weight:bold;\">Voit saada kotitalousv\u00e4hennyst\u00e4 kotitalous-, hoiva- ja hoitoty\u00f6st\u00e4 vuodessa enint\u00e4\u00e4n:<\/td><td id=\"r_tulos\" style=\"border:1px solid #ccc;padding:8px;\">\u2013<\/td><\/tr>\n        <\/table>\n      <\/div>\n    <\/div>\n  <\/form>\r\n","protected":false},"excerpt":{"rendered":"<p>Kotihoivan perushinta on 50 \u20ac \/ tunti.Kotitalous\u00adv\u00e4hennyksen j\u00e4lkeen maksettavaksi j\u00e4\u00e4 \u20ac \/ tunti (vuosi 2025). Aika Hinta \u20ac \/ tunti [&hellip;]<\/p>\n","protected":false},"author":1,"featured_media":297,"parent":0,"menu_order":0,"comment_status":"closed","ping_status":"closed","template":"","meta":{"_acf_changed":false,"site-sidebar-layout":"default","site-content-layout":"","ast-site-content-layout":"default","site-content-style":"default","site-sidebar-style":"default","ast-global-header-display":"","ast-banner-title-visibility":"","ast-main-header-display":"","ast-hfb-above-header-display":"","ast-hfb-below-header-display":"","ast-hfb-mobile-header-display":"","site-post-title":"","ast-breadcrumbs-content":"","ast-featured-img":"","footer-sml-layout":"","ast-disable-related-posts":"","theme-transparent-header-meta":"default","adv-header-id-meta":"","stick-header-meta":"","header-above-stick-meta":"","header-main-stick-meta":"","header-below-stick-meta":"","astra-migrate-meta-layouts":"set","ast-page-background-enabled":"default","ast-page-background-meta":{"desktop":{"background-color":"var(--ast-global-color-5)","background-image":"","background-repeat":"repeat","background-position":"center center","background-size":"auto","background-attachment":"scroll","background-type":"","background-media":"","overlay-type":"","overlay-color":"","overlay-opacity":"","overlay-gradient":""},"tablet":{"background-color":"","background-image":"","background-repeat":"repeat","background-position":"center center","background-size":"auto","background-attachment":"scroll","background-type":"","background-media":"","overlay-type":"","overlay-color":"","overlay-opacity":"","overlay-gradient":""},"mobile":{"background-color":"","background-image":"","background-repeat":"repeat","background-position":"center center","background-size":"auto","background-attachment":"scroll","background-type":"","background-media":"","overlay-type":"","overlay-color":"","overlay-opacity":"","overlay-gradient":""}},"ast-content-background-meta":{"desktop":{"background-color":"var(--ast-global-color-4)","background-image":"","background-repeat":"repeat","background-position":"center center","background-size":"auto","background-attachment":"scroll","background-type":"","background-media":"","overlay-type":"","overlay-color":"","overlay-opacity":"","overlay-gradient":""},"tablet":{"background-color":"var(--ast-global-color-4)","background-image":"","background-repeat":"repeat","background-position":"center center","background-size":"auto","background-attachment":"scroll","background-type":"","background-media":"","overlay-type":"","overlay-color":"","overlay-opacity":"","overlay-gradient":""},"mobile":{"background-color":"var(--ast-global-color-4)","background-image":"","background-repeat":"repeat","background-position":"center center","background-size":"auto","background-attachment":"scroll","background-type":"","background-media":"","overlay-type":"","overlay-color":"","overlay-opacity":"","overlay-gradient":""}},"footnotes":""},"class_list":["post-6","page","type-page","status-publish","has-post-thumbnail","hentry"],"acf":[],"yoast_head":"<!-- This site is optimized with the Yoast SEO plugin v27.4 - https:\/\/yoast.com\/product\/yoast-seo-wordpress\/ -->\n<title>Hinnasto - Kotihoiva Katriina<\/title>\n<meta name=\"description\" content=\"Kotihoiva Katriina hinnat: kotihoivaa ja kotipalveluita alueella Espoo, Kauniainen, L\u00e4nsi-Helsinki. Palvelusetelit kelpaavat maksuv\u00e4lineen\u00e4.\" \/>\n<meta name=\"robots\" content=\"index, follow, max-snippet:-1, max-image-preview:large, max-video-preview:-1\" \/>\n<link rel=\"canonical\" href=\"https:\/\/www.kotihoivakatriina.fi\/index.php\/hinnasto\/\" \/>\n<meta property=\"og:locale\" content=\"fi_FI\" \/>\n<meta property=\"og:type\" content=\"article\" \/>\n<meta property=\"og:title\" content=\"Hinnasto - Kotihoiva Katriina\" \/>\n<meta property=\"og:description\" content=\"Kotihoiva Katriina hinnat: kotihoivaa ja kotipalveluita alueella Espoo, Kauniainen, L\u00e4nsi-Helsinki. Palvelusetelit kelpaavat maksuv\u00e4lineen\u00e4.\" \/>\n<meta property=\"og:url\" content=\"https:\/\/www.kotihoivakatriina.fi\/index.php\/hinnasto\/\" \/>\n<meta property=\"og:site_name\" content=\"Kotihoiva Katriina\" \/>\n<meta property=\"article:modified_time\" content=\"2025-10-21T22:07:43+00:00\" \/>\n<meta property=\"og:image\" content=\"https:\/\/www.kotihoivakatriina.fi\/wp-content\/uploads\/2025\/10\/bg-palmu2.jpg\" \/>\n\t<meta property=\"og:image:width\" content=\"1000\" \/>\n\t<meta property=\"og:image:height\" content=\"294\" \/>\n\t<meta property=\"og:image:type\" content=\"image\/jpeg\" \/>\n<meta name=\"twitter:card\" content=\"summary_large_image\" \/>\n<meta name=\"twitter:label1\" content=\"Arvioitu lukuaika\" \/>\n\t<meta name=\"twitter:data1\" content=\"2 minuuttia\" \/>\n<script type=\"application\/ld+json\" class=\"yoast-schema-graph\">{\"@context\":\"https:\\\/\\\/schema.org\",\"@graph\":[{\"@type\":\"WebPage\",\"@id\":\"https:\\\/\\\/www.kotihoivakatriina.fi\\\/index.php\\\/hinnasto\\\/\",\"url\":\"https:\\\/\\\/www.kotihoivakatriina.fi\\\/index.php\\\/hinnasto\\\/\",\"name\":\"Hinnasto - Kotihoiva Katriina\",\"isPartOf\":{\"@id\":\"https:\\\/\\\/www.kotihoivakatriina.fi\\\/#website\"},\"primaryImageOfPage\":{\"@id\":\"https:\\\/\\\/www.kotihoivakatriina.fi\\\/index.php\\\/hinnasto\\\/#primaryimage\"},\"image\":{\"@id\":\"https:\\\/\\\/www.kotihoivakatriina.fi\\\/index.php\\\/hinnasto\\\/#primaryimage\"},\"thumbnailUrl\":\"https:\\\/\\\/www.kotihoivakatriina.fi\\\/wp-content\\\/uploads\\\/2025\\\/10\\\/bg-palmu2.jpg\",\"datePublished\":\"2025-10-17T15:51:36+00:00\",\"dateModified\":\"2025-10-21T22:07:43+00:00\",\"description\":\"Kotihoiva Katriina hinnat: kotihoivaa ja kotipalveluita alueella Espoo, Kauniainen, L\u00e4nsi-Helsinki. Palvelusetelit kelpaavat maksuv\u00e4lineen\u00e4.\",\"breadcrumb\":{\"@id\":\"https:\\\/\\\/www.kotihoivakatriina.fi\\\/index.php\\\/hinnasto\\\/#breadcrumb\"},\"inLanguage\":\"fi\",\"potentialAction\":[{\"@type\":\"ReadAction\",\"target\":[\"https:\\\/\\\/www.kotihoivakatriina.fi\\\/index.php\\\/hinnasto\\\/\"]}]},{\"@type\":\"ImageObject\",\"inLanguage\":\"fi\",\"@id\":\"https:\\\/\\\/www.kotihoivakatriina.fi\\\/index.php\\\/hinnasto\\\/#primaryimage\",\"url\":\"https:\\\/\\\/www.kotihoivakatriina.fi\\\/wp-content\\\/uploads\\\/2025\\\/10\\\/bg-palmu2.jpg\",\"contentUrl\":\"https:\\\/\\\/www.kotihoivakatriina.fi\\\/wp-content\\\/uploads\\\/2025\\\/10\\\/bg-palmu2.jpg\",\"width\":1000,\"height\":294},{\"@type\":\"BreadcrumbList\",\"@id\":\"https:\\\/\\\/www.kotihoivakatriina.fi\\\/index.php\\\/hinnasto\\\/#breadcrumb\",\"itemListElement\":[{\"@type\":\"ListItem\",\"position\":1,\"name\":\"Etusivu\",\"item\":\"https:\\\/\\\/www.kotihoivakatriina.fi\\\/\"},{\"@type\":\"ListItem\",\"position\":2,\"name\":\"Hinnasto\"}]},{\"@type\":\"WebSite\",\"@id\":\"https:\\\/\\\/www.kotihoivakatriina.fi\\\/#website\",\"url\":\"https:\\\/\\\/www.kotihoivakatriina.fi\\\/\",\"name\":\"kotihoivakatriina.fi\",\"description\":\"Kotihoivapalveluita pk-seudulla\",\"publisher\":{\"@id\":\"https:\\\/\\\/www.kotihoivakatriina.fi\\\/#organization\"},\"potentialAction\":[{\"@type\":\"SearchAction\",\"target\":{\"@type\":\"EntryPoint\",\"urlTemplate\":\"https:\\\/\\\/www.kotihoivakatriina.fi\\\/?s={search_term_string}\"},\"query-input\":{\"@type\":\"PropertyValueSpecification\",\"valueRequired\":true,\"valueName\":\"search_term_string\"}}],\"inLanguage\":\"fi\"},{\"@type\":\"Organization\",\"@id\":\"https:\\\/\\\/www.kotihoivakatriina.fi\\\/#organization\",\"name\":\"Kotihoiva Katriina\",\"url\":\"https:\\\/\\\/www.kotihoivakatriina.fi\\\/\",\"logo\":{\"@type\":\"ImageObject\",\"inLanguage\":\"fi\",\"@id\":\"https:\\\/\\\/www.kotihoivakatriina.fi\\\/#\\\/schema\\\/logo\\\/image\\\/\",\"url\":\"https:\\\/\\\/www.kotihoivakatriina.fi\\\/wp-content\\\/uploads\\\/2025\\\/10\\\/Kotihoiva-Katriina-Iloa-jokaiseen-paivaan-logo-wide.png\",\"contentUrl\":\"https:\\\/\\\/www.kotihoivakatriina.fi\\\/wp-content\\\/uploads\\\/2025\\\/10\\\/Kotihoiva-Katriina-Iloa-jokaiseen-paivaan-logo-wide.png\",\"width\":1264,\"height\":401,\"caption\":\"Kotihoiva Katriina\"},\"image\":{\"@id\":\"https:\\\/\\\/www.kotihoivakatriina.fi\\\/#\\\/schema\\\/logo\\\/image\\\/\"}}]}<\/script>\n<!-- \/ Yoast SEO plugin. -->","yoast_head_json":{"title":"Hinnasto - Kotihoiva Katriina","description":"Kotihoiva Katriina hinnat: kotihoivaa ja kotipalveluita alueella Espoo, Kauniainen, L\u00e4nsi-Helsinki. Palvelusetelit kelpaavat maksuv\u00e4lineen\u00e4.","robots":{"index":"index","follow":"follow","max-snippet":"max-snippet:-1","max-image-preview":"max-image-preview:large","max-video-preview":"max-video-preview:-1"},"canonical":"https:\/\/www.kotihoivakatriina.fi\/index.php\/hinnasto\/","og_locale":"fi_FI","og_type":"article","og_title":"Hinnasto - Kotihoiva Katriina","og_description":"Kotihoiva Katriina hinnat: kotihoivaa ja kotipalveluita alueella Espoo, Kauniainen, L\u00e4nsi-Helsinki. Palvelusetelit kelpaavat maksuv\u00e4lineen\u00e4.","og_url":"https:\/\/www.kotihoivakatriina.fi\/index.php\/hinnasto\/","og_site_name":"Kotihoiva Katriina","article_modified_time":"2025-10-21T22:07:43+00:00","og_image":[{"width":1000,"height":294,"url":"https:\/\/www.kotihoivakatriina.fi\/wp-content\/uploads\/2025\/10\/bg-palmu2.jpg","type":"image\/jpeg"}],"twitter_card":"summary_large_image","twitter_misc":{"Arvioitu lukuaika":"2 minuuttia"},"schema":{"@context":"https:\/\/schema.org","@graph":[{"@type":"WebPage","@id":"https:\/\/www.kotihoivakatriina.fi\/index.php\/hinnasto\/","url":"https:\/\/www.kotihoivakatriina.fi\/index.php\/hinnasto\/","name":"Hinnasto - Kotihoiva Katriina","isPartOf":{"@id":"https:\/\/www.kotihoivakatriina.fi\/#website"},"primaryImageOfPage":{"@id":"https:\/\/www.kotihoivakatriina.fi\/index.php\/hinnasto\/#primaryimage"},"image":{"@id":"https:\/\/www.kotihoivakatriina.fi\/index.php\/hinnasto\/#primaryimage"},"thumbnailUrl":"https:\/\/www.kotihoivakatriina.fi\/wp-content\/uploads\/2025\/10\/bg-palmu2.jpg","datePublished":"2025-10-17T15:51:36+00:00","dateModified":"2025-10-21T22:07:43+00:00","description":"Kotihoiva Katriina hinnat: kotihoivaa ja kotipalveluita alueella Espoo, Kauniainen, L\u00e4nsi-Helsinki. Palvelusetelit kelpaavat maksuv\u00e4lineen\u00e4.","breadcrumb":{"@id":"https:\/\/www.kotihoivakatriina.fi\/index.php\/hinnasto\/#breadcrumb"},"inLanguage":"fi","potentialAction":[{"@type":"ReadAction","target":["https:\/\/www.kotihoivakatriina.fi\/index.php\/hinnasto\/"]}]},{"@type":"ImageObject","inLanguage":"fi","@id":"https:\/\/www.kotihoivakatriina.fi\/index.php\/hinnasto\/#primaryimage","url":"https:\/\/www.kotihoivakatriina.fi\/wp-content\/uploads\/2025\/10\/bg-palmu2.jpg","contentUrl":"https:\/\/www.kotihoivakatriina.fi\/wp-content\/uploads\/2025\/10\/bg-palmu2.jpg","width":1000,"height":294},{"@type":"BreadcrumbList","@id":"https:\/\/www.kotihoivakatriina.fi\/index.php\/hinnasto\/#breadcrumb","itemListElement":[{"@type":"ListItem","position":1,"name":"Etusivu","item":"https:\/\/www.kotihoivakatriina.fi\/"},{"@type":"ListItem","position":2,"name":"Hinnasto"}]},{"@type":"WebSite","@id":"https:\/\/www.kotihoivakatriina.fi\/#website","url":"https:\/\/www.kotihoivakatriina.fi\/","name":"kotihoivakatriina.fi","description":"Kotihoivapalveluita pk-seudulla","publisher":{"@id":"https:\/\/www.kotihoivakatriina.fi\/#organization"},"potentialAction":[{"@type":"SearchAction","target":{"@type":"EntryPoint","urlTemplate":"https:\/\/www.kotihoivakatriina.fi\/?s={search_term_string}"},"query-input":{"@type":"PropertyValueSpecification","valueRequired":true,"valueName":"search_term_string"}}],"inLanguage":"fi"},{"@type":"Organization","@id":"https:\/\/www.kotihoivakatriina.fi\/#organization","name":"Kotihoiva Katriina","url":"https:\/\/www.kotihoivakatriina.fi\/","logo":{"@type":"ImageObject","inLanguage":"fi","@id":"https:\/\/www.kotihoivakatriina.fi\/#\/schema\/logo\/image\/","url":"https:\/\/www.kotihoivakatriina.fi\/wp-content\/uploads\/2025\/10\/Kotihoiva-Katriina-Iloa-jokaiseen-paivaan-logo-wide.png","contentUrl":"https:\/\/www.kotihoivakatriina.fi\/wp-content\/uploads\/2025\/10\/Kotihoiva-Katriina-Iloa-jokaiseen-paivaan-logo-wide.png","width":1264,"height":401,"caption":"Kotihoiva Katriina"},"image":{"@id":"https:\/\/www.kotihoivakatriina.fi\/#\/schema\/logo\/image\/"}}]}},"_links":{"self":[{"href":"https:\/\/www.kotihoivakatriina.fi\/index.php\/wp-json\/wp\/v2\/pages\/6","targetHints":{"allow":["GET"]}}],"collection":[{"href":"https:\/\/www.kotihoivakatriina.fi\/index.php\/wp-json\/wp\/v2\/pages"}],"about":[{"href":"https:\/\/www.kotihoivakatriina.fi\/index.php\/wp-json\/wp\/v2\/types\/page"}],"author":[{"embeddable":true,"href":"https:\/\/www.kotihoivakatriina.fi\/index.php\/wp-json\/wp\/v2\/users\/1"}],"replies":[{"embeddable":true,"href":"https:\/\/www.kotihoivakatriina.fi\/index.php\/wp-json\/wp\/v2\/comments?post=6"}],"version-history":[{"count":34,"href":"https:\/\/www.kotihoivakatriina.fi\/index.php\/wp-json\/wp\/v2\/pages\/6\/revisions"}],"predecessor-version":[{"id":315,"href":"https:\/\/www.kotihoivakatriina.fi\/index.php\/wp-json\/wp\/v2\/pages\/6\/revisions\/315"}],"wp:featuredmedia":[{"embeddable":true,"href":"https:\/\/www.kotihoivakatriina.fi\/index.php\/wp-json\/wp\/v2\/media\/297"}],"wp:attachment":[{"href":"https:\/\/www.kotihoivakatriina.fi\/index.php\/wp-json\/wp\/v2\/media?parent=6"}],"curies":[{"name":"wp","href":"https:\/\/api.w.org\/{rel}","templated":true}]}}