{"id":316,"date":"2025-10-22T13:45:54","date_gmt":"2025-10-22T11:45:54","guid":{"rendered":"https:\/\/www.kotihoivakatriina.fi\/?page_id=316"},"modified":"2025-10-22T14:13:16","modified_gmt":"2025-10-22T12:13:16","slug":"meille-toihin","status":"publish","type":"page","link":"https:\/\/www.kotihoivakatriina.fi\/index.php\/meille-toihin\/","title":{"rendered":"Meille t\u00f6ihin"},"content":{"rendered":"<p>Etsimme jatkuvasti uusia tekij\u00f6it\u00e4 ik\u00e4ihmisten arjen tueksi kotiin.<br data-start=\"299\" data-end=\"302\" \/>Palkka on <strong>n. 13\u201315 \u20ac \/ tunti.<\/strong><\/p>\n<h3>Ty\u00f6nkuva ja ty\u00f6aika<\/h3>\n<p>Sovit ty\u00f6ajat joustavasti asiakkaan kanssa. Tyypillinen ty\u00f6aika yht\u00e4 senioria kohden on <strong data-start=\"470\" data-end=\"493\">2\u20136 tuntia viikossa<\/strong>. Kokemuksen karttuessa voit ottaa v\u00e4hitellen lis\u00e4\u00e4 l\u00e4hialueesi asiakkaita. Ty\u00f6t alkavat, kun alueeltasi vapautuu asiakkuus tai uusi asiakas tarvitsee apuamme.<\/p>\n<h3>Vaatimukset<\/h3>\n<ul>\n<li>Sujuva suomen tai ruotsin kielen osaaminen; Kotihoiva Katriina palvelee suomen- ja ruotsinkielisi\u00e4 ik\u00e4ihmisi\u00e4 heid\u00e4n \u00e4idinkielell\u00e4\u00e4n.<\/li>\n<li>Halu ty\u00f6skennell\u00e4 ik\u00e4ihmisten kanssa ja tehd\u00e4 heid\u00e4n arjestaan sujuvampaa.<\/li>\n<\/ul>\n<h3>Tarjoamme<\/h3>\n<ul>\n<li>Merkityksellisen ty\u00f6n ihmisten parissa<\/li>\n<li>Maksamme el\u00e4ke- ja ty\u00f6tt\u00f6myysmaksut sek\u00e4 sairaus- ja lomakorvaukset<\/li>\n<li>Mahdollisuus vaikuttaa ty\u00f6aikoihin ja ty\u00f6teht\u00e4viin<\/li>\n<li>Mutkaton ty\u00f6yhteis\u00f6, jossa on helppo olla oma itsens\u00e4.<\/li>\n<\/ul>\n<h3>Haku<\/h3>\n<p>L\u00e4het\u00e4 avoin hakemus (lyhyt esittely, osaamisesi ja yhteystietosi) s\u00e4hk\u00f6postilla <a href=\"mailto:katriina@kotihoivakatriina.fi\">katriina@kotihoivakatriina.fi<\/a> tai t\u00e4yt\u00e4 t\u00e4m\u00e4 lomake:<\/p>\n\n<div class=\"wpcf7 no-js\" id=\"wpcf7-f323-o1\" lang=\"fi\" dir=\"ltr\" data-wpcf7-id=\"323\">\n<div class=\"screen-reader-response\"><p role=\"status\" aria-live=\"polite\" aria-atomic=\"true\"><\/p> <ul><\/ul><\/div>\n<form action=\"\/index.php\/wp-json\/wp\/v2\/pages\/316#wpcf7-f323-o1\" method=\"post\" class=\"wpcf7-form init\" aria-label=\"Yhteydenottolomake\" enctype=\"multipart\/form-data\" novalidate=\"novalidate\" data-status=\"init\">\n<fieldset class=\"hidden-fields-container\"><input type=\"hidden\" name=\"_wpcf7\" value=\"323\" \/><input type=\"hidden\" name=\"_wpcf7_version\" value=\"6.1.5\" \/><input type=\"hidden\" name=\"_wpcf7_locale\" value=\"fi\" \/><input type=\"hidden\" name=\"_wpcf7_unit_tag\" value=\"wpcf7-f323-o1\" \/><input type=\"hidden\" name=\"_wpcf7_container_post\" value=\"0\" \/><input type=\"hidden\" name=\"_wpcf7_posted_data_hash\" value=\"\" \/>\n<\/fieldset>\n<!-- Otsikko vain teille: Rekrytointilomake \u2013 Kotihoiva Katriina -->\n<fieldset>\n\t<legend>Henkil\u00f6tiedot\n\t<\/legend>\n\t<p>Nimi (etu- ja sukunimi) <span class=\"wpcf7-form-control-wrap\" data-name=\"your-name\"><input size=\"40\" maxlength=\"400\" class=\"wpcf7-form-control wpcf7-text wpcf7-validates-as-required\" aria-required=\"true\" aria-invalid=\"false\" placeholder=\"Etunimi Sukunimi\" value=\"\" type=\"text\" name=\"your-name\" \/><\/span><br \/>\nS\u00e4hk\u00f6posti <span class=\"wpcf7-form-control-wrap\" data-name=\"your-email\"><input size=\"40\" maxlength=\"400\" class=\"wpcf7-form-control wpcf7-email wpcf7-validates-as-required wpcf7-text wpcf7-validates-as-email\" aria-required=\"true\" aria-invalid=\"false\" placeholder=\"nimi@esimerkki.fi\" value=\"\" type=\"email\" name=\"your-email\" \/><\/span><br \/>\nPuhelin <span class=\"wpcf7-form-control-wrap\" data-name=\"your-phone\"><input size=\"40\" maxlength=\"400\" class=\"wpcf7-form-control wpcf7-tel wpcf7-text wpcf7-validates-as-tel\" aria-invalid=\"false\" placeholder=\"040 123 4567\" value=\"\" type=\"tel\" name=\"your-phone\" \/><\/span>\n\t<\/p>\n<\/fieldset>\n<fieldset>\n\t<legend>Ty\u00f6n kannalta t\u00e4rke\u00e4t tiedot\n\t<\/legend>\n\t<p>Kielitaito <span class=\"wpcf7-form-control-wrap\" data-name=\"language\"><select class=\"wpcf7-form-control wpcf7-select wpcf7-validates-as-required\" aria-required=\"true\" aria-invalid=\"false\" name=\"language\"><option value=\"\">&#8212;Valitse vaihtoehto&#8212;<\/option><option value=\"suomi\">suomi<\/option><option value=\"ruotsi\">ruotsi<\/option><option value=\"suomi ja ruotsi\">suomi ja ruotsi<\/option><\/select><\/span><br \/>\nSopivat ty\u00f6ajat <span class=\"wpcf7-form-control-wrap\" data-name=\"shifts\"><span class=\"wpcf7-form-control wpcf7-checkbox wpcf7-validates-as-required\"><span class=\"wpcf7-list-item first\"><label><input type=\"checkbox\" name=\"shifts[]\" value=\"Aamu\" \/><span class=\"wpcf7-list-item-label\">Aamu<\/span><\/label><\/span><span class=\"wpcf7-list-item\"><label><input type=\"checkbox\" name=\"shifts[]\" value=\"P\u00e4iv\u00e4\" \/><span class=\"wpcf7-list-item-label\">P\u00e4iv\u00e4<\/span><\/label><\/span><span class=\"wpcf7-list-item\"><label><input type=\"checkbox\" name=\"shifts[]\" value=\"Ilta\" \/><span class=\"wpcf7-list-item-label\">Ilta<\/span><\/label><\/span><span class=\"wpcf7-list-item\"><label><input type=\"checkbox\" name=\"shifts[]\" value=\"Y\u00f6\" \/><span class=\"wpcf7-list-item-label\">Y\u00f6<\/span><\/label><\/span><span class=\"wpcf7-list-item last\"><label><input type=\"checkbox\" name=\"shifts[]\" value=\"Viikonloput\" \/><span class=\"wpcf7-list-item-label\">Viikonloput<\/span><\/label><\/span><\/span><\/span><br \/>\nTuntim\u00e4\u00e4r\u00e4toive \/ viikko <span class=\"wpcf7-form-control-wrap\" data-name=\"hours\"><input size=\"40\" maxlength=\"400\" class=\"wpcf7-form-control wpcf7-text\" aria-invalid=\"false\" placeholder=\"Esim. 2\u20136 tuntia \/ viikko\" value=\"\" type=\"text\" name=\"hours\" \/><\/span>\n\t<\/p>\n<\/fieldset>\n<fieldset>\n\t<legend>Osaaminen ja kokemus\n\t<\/legend>\n\t<p>Lyhyt kuvaus kokemuksestasi ja motivaatiostasi:<br \/>\n<span class=\"wpcf7-form-control-wrap\" data-name=\"experience\"><textarea cols=\"40\" rows=\"10\" maxlength=\"2000\" class=\"wpcf7-form-control wpcf7-textarea wpcf7-validates-as-required\" aria-required=\"true\" aria-invalid=\"false\" placeholder=\"Kerro lyhyesti taustoistasi: ik\u00e4, koulutuksesi, mielenkiinnon kohteesi, mahdollinen aiempi ty\u00f6kokemus vanhusten kanssa, toivomasi ty\u00f6teht\u00e4v\u00e4t.\" name=\"experience\"><\/textarea><\/span>\n\t<\/p>\n<\/fieldset>\n<fieldset>\n\t<legend>Liitteet\n\t<\/legend>\n\t<p>Liit\u00e4 CV (pdf\/doc\/docx, max 10 Mt) <span class=\"wpcf7-form-control-wrap\" data-name=\"cv\"><input size=\"40\" class=\"wpcf7-form-control wpcf7-file\" accept=\".pdf,.doc,.docx\" aria-invalid=\"false\" type=\"file\" name=\"cv\" \/><\/span>\n\t<\/p>\n<\/fieldset>\n<p><input class=\"wpcf7-form-control wpcf7-submit has-spinner\" type=\"submit\" value=\"L\u00e4het\u00e4 hakemus\" \/>\n<\/p><div class=\"wpcf7-response-output\" aria-hidden=\"true\"><\/div>\n<\/form>\n<\/div>\n\n","protected":false},"excerpt":{"rendered":"<p>Etsimme jatkuvasti uusia tekij\u00f6it\u00e4 ik\u00e4ihmisten arjen tueksi kotiin.Palkka on n. 13\u201315 \u20ac \/ tunti. Ty\u00f6nkuva ja ty\u00f6aika Sovit ty\u00f6ajat joustavasti [&hellip;]<\/p>\n","protected":false},"author":1,"featured_media":297,"parent":0,"menu_order":0,"comment_status":"closed","ping_status":"closed","template":"","meta":{"_acf_changed":false,"site-sidebar-layout":"default","site-content-layout":"","ast-site-content-layout":"default","site-content-style":"default","site-sidebar-style":"default","ast-global-header-display":"","ast-banner-title-visibility":"","ast-main-header-display":"","ast-hfb-above-header-display":"","ast-hfb-below-header-display":"","ast-hfb-mobile-header-display":"","site-post-title":"","ast-breadcrumbs-content":"","ast-featured-img":"","footer-sml-layout":"","ast-disable-related-posts":"","theme-transparent-header-meta":"default","adv-header-id-meta":"","stick-header-meta":"","header-above-stick-meta":"","header-main-stick-meta":"","header-below-stick-meta":"","astra-migrate-meta-layouts":"set","ast-page-background-enabled":"default","ast-page-background-meta":{"desktop":{"background-color":"var(--ast-global-color-5)","background-image":"","background-repeat":"repeat","background-position":"center center","background-size":"auto","background-attachment":"scroll","background-type":"","background-media":"","overlay-type":"","overlay-color":"","overlay-opacity":"","overlay-gradient":""},"tablet":{"background-color":"","background-image":"","background-repeat":"repeat","background-position":"center center","background-size":"auto","background-attachment":"scroll","background-type":"","background-media":"","overlay-type":"","overlay-color":"","overlay-opacity":"","overlay-gradient":""},"mobile":{"background-color":"","background-image":"","background-repeat":"repeat","background-position":"center center","background-size":"auto","background-attachment":"scroll","background-type":"","background-media":"","overlay-type":"","overlay-color":"","overlay-opacity":"","overlay-gradient":""}},"ast-content-background-meta":{"desktop":{"background-color":"var(--ast-global-color-4)","background-image":"","background-repeat":"repeat","background-position":"center center","background-size":"auto","background-attachment":"scroll","background-type":"","background-media":"","overlay-type":"","overlay-color":"","overlay-opacity":"","overlay-gradient":""},"tablet":{"background-color":"var(--ast-global-color-4)","background-image":"","background-repeat":"repeat","background-position":"center center","background-size":"auto","background-attachment":"scroll","background-type":"","background-media":"","overlay-type":"","overlay-color":"","overlay-opacity":"","overlay-gradient":""},"mobile":{"background-color":"var(--ast-global-color-4)","background-image":"","background-repeat":"repeat","background-position":"center center","background-size":"auto","background-attachment":"scroll","background-type":"","background-media":"","overlay-type":"","overlay-color":"","overlay-opacity":"","overlay-gradient":""}},"footnotes":""},"class_list":["post-316","page","type-page","status-publish","has-post-thumbnail","hentry"],"acf":[],"yoast_head":"<!-- This site is optimized with the Yoast SEO plugin v27.4 - https:\/\/yoast.com\/product\/yoast-seo-wordpress\/ -->\n<title>Meille t\u00f6ihin - Kotihoiva Katriina<\/title>\n<meta name=\"description\" content=\"Tule t\u00f6ihin meille. Joustavat ty\u00f6ajat. Vaatimukset: sujuva Suomen tai ruotsin kielen taito, halu auttaa ihmisi\u00e4. Espoo-Kauniainen-Helsinki.\" \/>\n<meta name=\"robots\" content=\"index, follow, max-snippet:-1, max-image-preview:large, max-video-preview:-1\" \/>\n<link rel=\"canonical\" href=\"https:\/\/www.kotihoivakatriina.fi\/index.php\/meille-toihin\/\" \/>\n<meta property=\"og:locale\" content=\"fi_FI\" \/>\n<meta property=\"og:type\" content=\"article\" \/>\n<meta property=\"og:title\" content=\"Meille t\u00f6ihin - Kotihoiva Katriina\" \/>\n<meta property=\"og:description\" content=\"Tule t\u00f6ihin meille. Joustavat ty\u00f6ajat. Vaatimukset: sujuva Suomen tai ruotsin kielen taito, halu auttaa ihmisi\u00e4. Espoo-Kauniainen-Helsinki.\" \/>\n<meta property=\"og:url\" content=\"https:\/\/www.kotihoivakatriina.fi\/index.php\/meille-toihin\/\" \/>\n<meta property=\"og:site_name\" content=\"Kotihoiva Katriina\" \/>\n<meta property=\"article:modified_time\" content=\"2025-10-22T12:13:16+00:00\" \/>\n<meta property=\"og:image\" content=\"https:\/\/www.kotihoivakatriina.fi\/wp-content\/uploads\/2025\/10\/bg-palmu2.jpg\" \/>\n\t<meta property=\"og:image:width\" content=\"1000\" \/>\n\t<meta property=\"og:image:height\" content=\"294\" \/>\n\t<meta property=\"og:image:type\" content=\"image\/jpeg\" \/>\n<meta name=\"twitter:card\" content=\"summary_large_image\" \/>\n<meta name=\"twitter:label1\" content=\"Arvioitu lukuaika\" \/>\n\t<meta name=\"twitter:data1\" content=\"1 minuutti\" \/>\n<script type=\"application\/ld+json\" class=\"yoast-schema-graph\">{\"@context\":\"https:\\\/\\\/schema.org\",\"@graph\":[{\"@type\":\"WebPage\",\"@id\":\"https:\\\/\\\/www.kotihoivakatriina.fi\\\/index.php\\\/meille-toihin\\\/\",\"url\":\"https:\\\/\\\/www.kotihoivakatriina.fi\\\/index.php\\\/meille-toihin\\\/\",\"name\":\"Meille t\u00f6ihin - Kotihoiva Katriina\",\"isPartOf\":{\"@id\":\"https:\\\/\\\/www.kotihoivakatriina.fi\\\/#website\"},\"primaryImageOfPage\":{\"@id\":\"https:\\\/\\\/www.kotihoivakatriina.fi\\\/index.php\\\/meille-toihin\\\/#primaryimage\"},\"image\":{\"@id\":\"https:\\\/\\\/www.kotihoivakatriina.fi\\\/index.php\\\/meille-toihin\\\/#primaryimage\"},\"thumbnailUrl\":\"https:\\\/\\\/www.kotihoivakatriina.fi\\\/wp-content\\\/uploads\\\/2025\\\/10\\\/bg-palmu2.jpg\",\"datePublished\":\"2025-10-22T11:45:54+00:00\",\"dateModified\":\"2025-10-22T12:13:16+00:00\",\"description\":\"Tule t\u00f6ihin meille. Joustavat ty\u00f6ajat. Vaatimukset: sujuva Suomen tai ruotsin kielen taito, halu auttaa ihmisi\u00e4. Espoo-Kauniainen-Helsinki.\",\"breadcrumb\":{\"@id\":\"https:\\\/\\\/www.kotihoivakatriina.fi\\\/index.php\\\/meille-toihin\\\/#breadcrumb\"},\"inLanguage\":\"fi\",\"potentialAction\":[{\"@type\":\"ReadAction\",\"target\":[\"https:\\\/\\\/www.kotihoivakatriina.fi\\\/index.php\\\/meille-toihin\\\/\"]}]},{\"@type\":\"ImageObject\",\"inLanguage\":\"fi\",\"@id\":\"https:\\\/\\\/www.kotihoivakatriina.fi\\\/index.php\\\/meille-toihin\\\/#primaryimage\",\"url\":\"https:\\\/\\\/www.kotihoivakatriina.fi\\\/wp-content\\\/uploads\\\/2025\\\/10\\\/bg-palmu2.jpg\",\"contentUrl\":\"https:\\\/\\\/www.kotihoivakatriina.fi\\\/wp-content\\\/uploads\\\/2025\\\/10\\\/bg-palmu2.jpg\",\"width\":1000,\"height\":294},{\"@type\":\"BreadcrumbList\",\"@id\":\"https:\\\/\\\/www.kotihoivakatriina.fi\\\/index.php\\\/meille-toihin\\\/#breadcrumb\",\"itemListElement\":[{\"@type\":\"ListItem\",\"position\":1,\"name\":\"Etusivu\",\"item\":\"https:\\\/\\\/www.kotihoivakatriina.fi\\\/\"},{\"@type\":\"ListItem\",\"position\":2,\"name\":\"Meille t\u00f6ihin\"}]},{\"@type\":\"WebSite\",\"@id\":\"https:\\\/\\\/www.kotihoivakatriina.fi\\\/#website\",\"url\":\"https:\\\/\\\/www.kotihoivakatriina.fi\\\/\",\"name\":\"kotihoivakatriina.fi\",\"description\":\"Kotihoivapalveluita pk-seudulla\",\"publisher\":{\"@id\":\"https:\\\/\\\/www.kotihoivakatriina.fi\\\/#organization\"},\"potentialAction\":[{\"@type\":\"SearchAction\",\"target\":{\"@type\":\"EntryPoint\",\"urlTemplate\":\"https:\\\/\\\/www.kotihoivakatriina.fi\\\/?s={search_term_string}\"},\"query-input\":{\"@type\":\"PropertyValueSpecification\",\"valueRequired\":true,\"valueName\":\"search_term_string\"}}],\"inLanguage\":\"fi\"},{\"@type\":\"Organization\",\"@id\":\"https:\\\/\\\/www.kotihoivakatriina.fi\\\/#organization\",\"name\":\"Kotihoiva Katriina\",\"url\":\"https:\\\/\\\/www.kotihoivakatriina.fi\\\/\",\"logo\":{\"@type\":\"ImageObject\",\"inLanguage\":\"fi\",\"@id\":\"https:\\\/\\\/www.kotihoivakatriina.fi\\\/#\\\/schema\\\/logo\\\/image\\\/\",\"url\":\"https:\\\/\\\/www.kotihoivakatriina.fi\\\/wp-content\\\/uploads\\\/2025\\\/10\\\/Kotihoiva-Katriina-Iloa-jokaiseen-paivaan-logo-wide.png\",\"contentUrl\":\"https:\\\/\\\/www.kotihoivakatriina.fi\\\/wp-content\\\/uploads\\\/2025\\\/10\\\/Kotihoiva-Katriina-Iloa-jokaiseen-paivaan-logo-wide.png\",\"width\":1264,\"height\":401,\"caption\":\"Kotihoiva Katriina\"},\"image\":{\"@id\":\"https:\\\/\\\/www.kotihoivakatriina.fi\\\/#\\\/schema\\\/logo\\\/image\\\/\"}}]}<\/script>\n<!-- \/ Yoast SEO plugin. -->","yoast_head_json":{"title":"Meille t\u00f6ihin - Kotihoiva Katriina","description":"Tule t\u00f6ihin meille. Joustavat ty\u00f6ajat. Vaatimukset: sujuva Suomen tai ruotsin kielen taito, halu auttaa ihmisi\u00e4. Espoo-Kauniainen-Helsinki.","robots":{"index":"index","follow":"follow","max-snippet":"max-snippet:-1","max-image-preview":"max-image-preview:large","max-video-preview":"max-video-preview:-1"},"canonical":"https:\/\/www.kotihoivakatriina.fi\/index.php\/meille-toihin\/","og_locale":"fi_FI","og_type":"article","og_title":"Meille t\u00f6ihin - Kotihoiva Katriina","og_description":"Tule t\u00f6ihin meille. Joustavat ty\u00f6ajat. Vaatimukset: sujuva Suomen tai ruotsin kielen taito, halu auttaa ihmisi\u00e4. Espoo-Kauniainen-Helsinki.","og_url":"https:\/\/www.kotihoivakatriina.fi\/index.php\/meille-toihin\/","og_site_name":"Kotihoiva Katriina","article_modified_time":"2025-10-22T12:13:16+00:00","og_image":[{"width":1000,"height":294,"url":"https:\/\/www.kotihoivakatriina.fi\/wp-content\/uploads\/2025\/10\/bg-palmu2.jpg","type":"image\/jpeg"}],"twitter_card":"summary_large_image","twitter_misc":{"Arvioitu lukuaika":"1 minuutti"},"schema":{"@context":"https:\/\/schema.org","@graph":[{"@type":"WebPage","@id":"https:\/\/www.kotihoivakatriina.fi\/index.php\/meille-toihin\/","url":"https:\/\/www.kotihoivakatriina.fi\/index.php\/meille-toihin\/","name":"Meille t\u00f6ihin - Kotihoiva Katriina","isPartOf":{"@id":"https:\/\/www.kotihoivakatriina.fi\/#website"},"primaryImageOfPage":{"@id":"https:\/\/www.kotihoivakatriina.fi\/index.php\/meille-toihin\/#primaryimage"},"image":{"@id":"https:\/\/www.kotihoivakatriina.fi\/index.php\/meille-toihin\/#primaryimage"},"thumbnailUrl":"https:\/\/www.kotihoivakatriina.fi\/wp-content\/uploads\/2025\/10\/bg-palmu2.jpg","datePublished":"2025-10-22T11:45:54+00:00","dateModified":"2025-10-22T12:13:16+00:00","description":"Tule t\u00f6ihin meille. Joustavat ty\u00f6ajat. Vaatimukset: sujuva Suomen tai ruotsin kielen taito, halu auttaa ihmisi\u00e4. Espoo-Kauniainen-Helsinki.","breadcrumb":{"@id":"https:\/\/www.kotihoivakatriina.fi\/index.php\/meille-toihin\/#breadcrumb"},"inLanguage":"fi","potentialAction":[{"@type":"ReadAction","target":["https:\/\/www.kotihoivakatriina.fi\/index.php\/meille-toihin\/"]}]},{"@type":"ImageObject","inLanguage":"fi","@id":"https:\/\/www.kotihoivakatriina.fi\/index.php\/meille-toihin\/#primaryimage","url":"https:\/\/www.kotihoivakatriina.fi\/wp-content\/uploads\/2025\/10\/bg-palmu2.jpg","contentUrl":"https:\/\/www.kotihoivakatriina.fi\/wp-content\/uploads\/2025\/10\/bg-palmu2.jpg","width":1000,"height":294},{"@type":"BreadcrumbList","@id":"https:\/\/www.kotihoivakatriina.fi\/index.php\/meille-toihin\/#breadcrumb","itemListElement":[{"@type":"ListItem","position":1,"name":"Etusivu","item":"https:\/\/www.kotihoivakatriina.fi\/"},{"@type":"ListItem","position":2,"name":"Meille t\u00f6ihin"}]},{"@type":"WebSite","@id":"https:\/\/www.kotihoivakatriina.fi\/#website","url":"https:\/\/www.kotihoivakatriina.fi\/","name":"kotihoivakatriina.fi","description":"Kotihoivapalveluita pk-seudulla","publisher":{"@id":"https:\/\/www.kotihoivakatriina.fi\/#organization"},"potentialAction":[{"@type":"SearchAction","target":{"@type":"EntryPoint","urlTemplate":"https:\/\/www.kotihoivakatriina.fi\/?s={search_term_string}"},"query-input":{"@type":"PropertyValueSpecification","valueRequired":true,"valueName":"search_term_string"}}],"inLanguage":"fi"},{"@type":"Organization","@id":"https:\/\/www.kotihoivakatriina.fi\/#organization","name":"Kotihoiva Katriina","url":"https:\/\/www.kotihoivakatriina.fi\/","logo":{"@type":"ImageObject","inLanguage":"fi","@id":"https:\/\/www.kotihoivakatriina.fi\/#\/schema\/logo\/image\/","url":"https:\/\/www.kotihoivakatriina.fi\/wp-content\/uploads\/2025\/10\/Kotihoiva-Katriina-Iloa-jokaiseen-paivaan-logo-wide.png","contentUrl":"https:\/\/www.kotihoivakatriina.fi\/wp-content\/uploads\/2025\/10\/Kotihoiva-Katriina-Iloa-jokaiseen-paivaan-logo-wide.png","width":1264,"height":401,"caption":"Kotihoiva Katriina"},"image":{"@id":"https:\/\/www.kotihoivakatriina.fi\/#\/schema\/logo\/image\/"}}]}},"_links":{"self":[{"href":"https:\/\/www.kotihoivakatriina.fi\/index.php\/wp-json\/wp\/v2\/pages\/316","targetHints":{"allow":["GET"]}}],"collection":[{"href":"https:\/\/www.kotihoivakatriina.fi\/index.php\/wp-json\/wp\/v2\/pages"}],"about":[{"href":"https:\/\/www.kotihoivakatriina.fi\/index.php\/wp-json\/wp\/v2\/types\/page"}],"author":[{"embeddable":true,"href":"https:\/\/www.kotihoivakatriina.fi\/index.php\/wp-json\/wp\/v2\/users\/1"}],"replies":[{"embeddable":true,"href":"https:\/\/www.kotihoivakatriina.fi\/index.php\/wp-json\/wp\/v2\/comments?post=316"}],"version-history":[{"count":9,"href":"https:\/\/www.kotihoivakatriina.fi\/index.php\/wp-json\/wp\/v2\/pages\/316\/revisions"}],"predecessor-version":[{"id":326,"href":"https:\/\/www.kotihoivakatriina.fi\/index.php\/wp-json\/wp\/v2\/pages\/316\/revisions\/326"}],"wp:featuredmedia":[{"embeddable":true,"href":"https:\/\/www.kotihoivakatriina.fi\/index.php\/wp-json\/wp\/v2\/media\/297"}],"wp:attachment":[{"href":"https:\/\/www.kotihoivakatriina.fi\/index.php\/wp-json\/wp\/v2\/media?parent=316"}],"curies":[{"name":"wp","href":"https:\/\/api.w.org\/{rel}","templated":true}]}}