{"id":254,"date":"2025-10-20T15:21:52","date_gmt":"2025-10-20T13:21:52","guid":{"rendered":"https:\/\/www.kotihoivakatriina.fi\/?page_id=254"},"modified":"2025-10-20T15:23:19","modified_gmt":"2025-10-20T13:23:19","slug":"maksuehdot","status":"publish","type":"page","link":"https:\/\/www.kotihoivakatriina.fi\/index.php\/maksuehdot\/","title":{"rendered":"Maksuehdot"},"content":{"rendered":"<p data-start=\"1834\" data-end=\"1934\">Minimiveloitus k\u00e4ynnilt\u00e4 on 0,5 tuntia.<br \/>\nPalvelut laskutetaan j\u00e4lkik\u00e4teen kuukauden v\u00e4lein.<br \/>\nLaskutus toteutetaan 15 minuutin tarkkuudella.<br \/>\nPalvelusetelit k\u00e4yv\u00e4t maksuv\u00e4lineen\u00e4 niiss\u00e4 kunnissa, joissa palvelusetelimahdollisuus on k\u00e4yt\u00f6ss\u00e4.<br \/>\nLaskutuksessa k\u00e4ytet\u00e4\u00e4n Kotihoiva Katriinan tuntiveloitusta sovittujen palveluiden mukaisesti.<br \/>\nLasku er\u00e4\u00e4ntyy maksettavaksi 14 p\u00e4iv\u00e4n kuluessa laskun p\u00e4iv\u00e4m\u00e4\u00e4r\u00e4st\u00e4.<br \/>\nViiv\u00e4styskorko korkolain mukaisesti.<\/p>\n<h2>Maksutavat<\/h2>\n<ul>\n<li>Verkkolasku<\/li>\n<li>PDF-lasku<\/li>\n<li>paperinen lasku kirjeell\u00e4 (laskutuslis\u00e4 5 \u20ac).<\/li>\n<\/ul>\n<h2>Palvelun peruutus<\/h2>\n<p>Palvelun voi lopettaa tai yksitt\u00e4isen k\u00e4ynnin perua milloin tahansa. Pyyd\u00e4mme kuitenkin huomioimaan seuraavat ehdot aikavarauksia koskien:<\/p>\n<ul data-start=\"358\" data-end=\"603\">\n<li data-start=\"358\" data-end=\"467\">\n<p data-start=\"360\" data-end=\"467\"><strong data-start=\"360\" data-end=\"414\">Peruutus v\u00e4hint\u00e4\u00e4n 24 tuntia ennen sovittua aikaa:<\/strong><br data-start=\"414\" data-end=\"417\" \/>veloitus on <strong data-start=\"431\" data-end=\"439\">50 %<\/strong> varatun k\u00e4ynnin hinnasta.<\/p>\n<\/li>\n<li data-start=\"468\" data-end=\"603\">\n<p data-start=\"470\" data-end=\"603\"><strong data-start=\"470\" data-end=\"551\">Peruutus alle 12 tuntia ennen sovittua aikaa tai peruuttamatta j\u00e4\u00e4nyt k\u00e4ynti:<\/strong><br data-start=\"551\" data-end=\"554\" \/>veloitus on <strong data-start=\"568\" data-end=\"577\">100 %<\/strong> varatun k\u00e4ynnin hinnasta.<\/p>\n<\/li>\n<\/ul>\n<p data-start=\"605\" data-end=\"747\">Mik\u00e4li palvelun peruuttamiseen on \u00e4killinen ja perusteltu syy (esim. sairastuminen), olemme luonnollisesti joustavavia emmek\u00e4 peri ylim\u00e4\u00e4r\u00e4isi\u00e4 maksuja.<\/p>\n","protected":false},"excerpt":{"rendered":"<p>Minimiveloitus k\u00e4ynnilt\u00e4 on 0,5 tuntia. Palvelut laskutetaan j\u00e4lkik\u00e4teen kuukauden v\u00e4lein. Laskutus toteutetaan 15 minuutin tarkkuudella. Palvelusetelit k\u00e4yv\u00e4t maksuv\u00e4lineen\u00e4 niiss\u00e4 kunnissa, [&hellip;]<\/p>\n","protected":false},"author":1,"featured_media":0,"parent":0,"menu_order":0,"comment_status":"closed","ping_status":"closed","template":"","meta":{"_acf_changed":false,"site-sidebar-layout":"default","site-content-layout":"","ast-site-content-layout":"default","site-content-style":"default","site-sidebar-style":"default","ast-global-header-display":"","ast-banner-title-visibility":"","ast-main-header-display":"","ast-hfb-above-header-display":"","ast-hfb-below-header-display":"","ast-hfb-mobile-header-display":"","site-post-title":"","ast-breadcrumbs-content":"","ast-featured-img":"","footer-sml-layout":"","ast-disable-related-posts":"","theme-transparent-header-meta":"default","adv-header-id-meta":"","stick-header-meta":"","header-above-stick-meta":"","header-main-stick-meta":"","header-below-stick-meta":"","astra-migrate-meta-layouts":"set","ast-page-background-enabled":"default","ast-page-background-meta":{"desktop":{"background-color":"var(--ast-global-color-5)","background-image":"","background-repeat":"repeat","background-position":"center center","background-size":"auto","background-attachment":"scroll","background-type":"","background-media":"","overlay-type":"","overlay-color":"","overlay-opacity":"","overlay-gradient":""},"tablet":{"background-color":"","background-image":"","background-repeat":"repeat","background-position":"center center","background-size":"auto","background-attachment":"scroll","background-type":"","background-media":"","overlay-type":"","overlay-color":"","overlay-opacity":"","overlay-gradient":""},"mobile":{"background-color":"","background-image":"","background-repeat":"repeat","background-position":"center center","background-size":"auto","background-attachment":"scroll","background-type":"","background-media":"","overlay-type":"","overlay-color":"","overlay-opacity":"","overlay-gradient":""}},"ast-content-background-meta":{"desktop":{"background-color":"var(--ast-global-color-4)","background-image":"","background-repeat":"repeat","background-position":"center center","background-size":"auto","background-attachment":"scroll","background-type":"","background-media":"","overlay-type":"","overlay-color":"","overlay-opacity":"","overlay-gradient":""},"tablet":{"background-color":"var(--ast-global-color-4)","background-image":"","background-repeat":"repeat","background-position":"center center","background-size":"auto","background-attachment":"scroll","background-type":"","background-media":"","overlay-type":"","overlay-color":"","overlay-opacity":"","overlay-gradient":""},"mobile":{"background-color":"var(--ast-global-color-4)","background-image":"","background-repeat":"repeat","background-position":"center center","background-size":"auto","background-attachment":"scroll","background-type":"","background-media":"","overlay-type":"","overlay-color":"","overlay-opacity":"","overlay-gradient":""}},"footnotes":""},"class_list":["post-254","page","type-page","status-publish","hentry"],"acf":[],"yoast_head":"<!-- This site is optimized with the Yoast SEO plugin v27.4 - https:\/\/yoast.com\/product\/yoast-seo-wordpress\/ -->\n<title>Maksuehdot - Kotihoiva Katriina<\/title>\n<meta name=\"robots\" content=\"index, follow, max-snippet:-1, max-image-preview:large, max-video-preview:-1\" \/>\n<link rel=\"canonical\" href=\"https:\/\/www.kotihoivakatriina.fi\/index.php\/maksuehdot\/\" \/>\n<meta property=\"og:locale\" content=\"fi_FI\" \/>\n<meta property=\"og:type\" content=\"article\" \/>\n<meta property=\"og:title\" content=\"Maksuehdot - Kotihoiva Katriina\" \/>\n<meta property=\"og:description\" content=\"Minimiveloitus k\u00e4ynnilt\u00e4 on 0,5 tuntia. Palvelut laskutetaan j\u00e4lkik\u00e4teen kuukauden v\u00e4lein. Laskutus toteutetaan 15 minuutin tarkkuudella. Palvelusetelit k\u00e4yv\u00e4t maksuv\u00e4lineen\u00e4 niiss\u00e4 kunnissa, [&hellip;]\" \/>\n<meta property=\"og:url\" content=\"https:\/\/www.kotihoivakatriina.fi\/index.php\/maksuehdot\/\" \/>\n<meta property=\"og:site_name\" content=\"Kotihoiva Katriina\" \/>\n<meta property=\"article:modified_time\" content=\"2025-10-20T13:23:19+00:00\" \/>\n<meta name=\"twitter:card\" content=\"summary_large_image\" \/>\n<meta name=\"twitter:label1\" content=\"Arvioitu lukuaika\" \/>\n\t<meta name=\"twitter:data1\" content=\"1 minuutti\" \/>\n<script type=\"application\/ld+json\" class=\"yoast-schema-graph\">{\"@context\":\"https:\\\/\\\/schema.org\",\"@graph\":[{\"@type\":\"WebPage\",\"@id\":\"https:\\\/\\\/www.kotihoivakatriina.fi\\\/index.php\\\/maksuehdot\\\/\",\"url\":\"https:\\\/\\\/www.kotihoivakatriina.fi\\\/index.php\\\/maksuehdot\\\/\",\"name\":\"Maksuehdot - Kotihoiva Katriina\",\"isPartOf\":{\"@id\":\"https:\\\/\\\/www.kotihoivakatriina.fi\\\/#website\"},\"datePublished\":\"2025-10-20T13:21:52+00:00\",\"dateModified\":\"2025-10-20T13:23:19+00:00\",\"breadcrumb\":{\"@id\":\"https:\\\/\\\/www.kotihoivakatriina.fi\\\/index.php\\\/maksuehdot\\\/#breadcrumb\"},\"inLanguage\":\"fi\",\"potentialAction\":[{\"@type\":\"ReadAction\",\"target\":[\"https:\\\/\\\/www.kotihoivakatriina.fi\\\/index.php\\\/maksuehdot\\\/\"]}]},{\"@type\":\"BreadcrumbList\",\"@id\":\"https:\\\/\\\/www.kotihoivakatriina.fi\\\/index.php\\\/maksuehdot\\\/#breadcrumb\",\"itemListElement\":[{\"@type\":\"ListItem\",\"position\":1,\"name\":\"Etusivu\",\"item\":\"https:\\\/\\\/www.kotihoivakatriina.fi\\\/\"},{\"@type\":\"ListItem\",\"position\":2,\"name\":\"Maksuehdot\"}]},{\"@type\":\"WebSite\",\"@id\":\"https:\\\/\\\/www.kotihoivakatriina.fi\\\/#website\",\"url\":\"https:\\\/\\\/www.kotihoivakatriina.fi\\\/\",\"name\":\"kotihoivakatriina.fi\",\"description\":\"Kotihoivapalveluita pk-seudulla\",\"publisher\":{\"@id\":\"https:\\\/\\\/www.kotihoivakatriina.fi\\\/#organization\"},\"potentialAction\":[{\"@type\":\"SearchAction\",\"target\":{\"@type\":\"EntryPoint\",\"urlTemplate\":\"https:\\\/\\\/www.kotihoivakatriina.fi\\\/?s={search_term_string}\"},\"query-input\":{\"@type\":\"PropertyValueSpecification\",\"valueRequired\":true,\"valueName\":\"search_term_string\"}}],\"inLanguage\":\"fi\"},{\"@type\":\"Organization\",\"@id\":\"https:\\\/\\\/www.kotihoivakatriina.fi\\\/#organization\",\"name\":\"Kotihoiva Katriina\",\"url\":\"https:\\\/\\\/www.kotihoivakatriina.fi\\\/\",\"logo\":{\"@type\":\"ImageObject\",\"inLanguage\":\"fi\",\"@id\":\"https:\\\/\\\/www.kotihoivakatriina.fi\\\/#\\\/schema\\\/logo\\\/image\\\/\",\"url\":\"https:\\\/\\\/www.kotihoivakatriina.fi\\\/wp-content\\\/uploads\\\/2025\\\/10\\\/Kotihoiva-Katriina-Iloa-jokaiseen-paivaan-logo-wide.png\",\"contentUrl\":\"https:\\\/\\\/www.kotihoivakatriina.fi\\\/wp-content\\\/uploads\\\/2025\\\/10\\\/Kotihoiva-Katriina-Iloa-jokaiseen-paivaan-logo-wide.png\",\"width\":1264,\"height\":401,\"caption\":\"Kotihoiva Katriina\"},\"image\":{\"@id\":\"https:\\\/\\\/www.kotihoivakatriina.fi\\\/#\\\/schema\\\/logo\\\/image\\\/\"}}]}<\/script>\n<!-- \/ Yoast SEO plugin. -->","yoast_head_json":{"title":"Maksuehdot - Kotihoiva Katriina","robots":{"index":"index","follow":"follow","max-snippet":"max-snippet:-1","max-image-preview":"max-image-preview:large","max-video-preview":"max-video-preview:-1"},"canonical":"https:\/\/www.kotihoivakatriina.fi\/index.php\/maksuehdot\/","og_locale":"fi_FI","og_type":"article","og_title":"Maksuehdot - Kotihoiva Katriina","og_description":"Minimiveloitus k\u00e4ynnilt\u00e4 on 0,5 tuntia. Palvelut laskutetaan j\u00e4lkik\u00e4teen kuukauden v\u00e4lein. Laskutus toteutetaan 15 minuutin tarkkuudella. Palvelusetelit k\u00e4yv\u00e4t maksuv\u00e4lineen\u00e4 niiss\u00e4 kunnissa, [&hellip;]","og_url":"https:\/\/www.kotihoivakatriina.fi\/index.php\/maksuehdot\/","og_site_name":"Kotihoiva Katriina","article_modified_time":"2025-10-20T13:23:19+00:00","twitter_card":"summary_large_image","twitter_misc":{"Arvioitu lukuaika":"1 minuutti"},"schema":{"@context":"https:\/\/schema.org","@graph":[{"@type":"WebPage","@id":"https:\/\/www.kotihoivakatriina.fi\/index.php\/maksuehdot\/","url":"https:\/\/www.kotihoivakatriina.fi\/index.php\/maksuehdot\/","name":"Maksuehdot - Kotihoiva Katriina","isPartOf":{"@id":"https:\/\/www.kotihoivakatriina.fi\/#website"},"datePublished":"2025-10-20T13:21:52+00:00","dateModified":"2025-10-20T13:23:19+00:00","breadcrumb":{"@id":"https:\/\/www.kotihoivakatriina.fi\/index.php\/maksuehdot\/#breadcrumb"},"inLanguage":"fi","potentialAction":[{"@type":"ReadAction","target":["https:\/\/www.kotihoivakatriina.fi\/index.php\/maksuehdot\/"]}]},{"@type":"BreadcrumbList","@id":"https:\/\/www.kotihoivakatriina.fi\/index.php\/maksuehdot\/#breadcrumb","itemListElement":[{"@type":"ListItem","position":1,"name":"Etusivu","item":"https:\/\/www.kotihoivakatriina.fi\/"},{"@type":"ListItem","position":2,"name":"Maksuehdot"}]},{"@type":"WebSite","@id":"https:\/\/www.kotihoivakatriina.fi\/#website","url":"https:\/\/www.kotihoivakatriina.fi\/","name":"kotihoivakatriina.fi","description":"Kotihoivapalveluita pk-seudulla","publisher":{"@id":"https:\/\/www.kotihoivakatriina.fi\/#organization"},"potentialAction":[{"@type":"SearchAction","target":{"@type":"EntryPoint","urlTemplate":"https:\/\/www.kotihoivakatriina.fi\/?s={search_term_string}"},"query-input":{"@type":"PropertyValueSpecification","valueRequired":true,"valueName":"search_term_string"}}],"inLanguage":"fi"},{"@type":"Organization","@id":"https:\/\/www.kotihoivakatriina.fi\/#organization","name":"Kotihoiva Katriina","url":"https:\/\/www.kotihoivakatriina.fi\/","logo":{"@type":"ImageObject","inLanguage":"fi","@id":"https:\/\/www.kotihoivakatriina.fi\/#\/schema\/logo\/image\/","url":"https:\/\/www.kotihoivakatriina.fi\/wp-content\/uploads\/2025\/10\/Kotihoiva-Katriina-Iloa-jokaiseen-paivaan-logo-wide.png","contentUrl":"https:\/\/www.kotihoivakatriina.fi\/wp-content\/uploads\/2025\/10\/Kotihoiva-Katriina-Iloa-jokaiseen-paivaan-logo-wide.png","width":1264,"height":401,"caption":"Kotihoiva Katriina"},"image":{"@id":"https:\/\/www.kotihoivakatriina.fi\/#\/schema\/logo\/image\/"}}]}},"_links":{"self":[{"href":"https:\/\/www.kotihoivakatriina.fi\/index.php\/wp-json\/wp\/v2\/pages\/254","targetHints":{"allow":["GET"]}}],"collection":[{"href":"https:\/\/www.kotihoivakatriina.fi\/index.php\/wp-json\/wp\/v2\/pages"}],"about":[{"href":"https:\/\/www.kotihoivakatriina.fi\/index.php\/wp-json\/wp\/v2\/types\/page"}],"author":[{"embeddable":true,"href":"https:\/\/www.kotihoivakatriina.fi\/index.php\/wp-json\/wp\/v2\/users\/1"}],"replies":[{"embeddable":true,"href":"https:\/\/www.kotihoivakatriina.fi\/index.php\/wp-json\/wp\/v2\/comments?post=254"}],"version-history":[{"count":2,"href":"https:\/\/www.kotihoivakatriina.fi\/index.php\/wp-json\/wp\/v2\/pages\/254\/revisions"}],"predecessor-version":[{"id":257,"href":"https:\/\/www.kotihoivakatriina.fi\/index.php\/wp-json\/wp\/v2\/pages\/254\/revisions\/257"}],"wp:attachment":[{"href":"https:\/\/www.kotihoivakatriina.fi\/index.php\/wp-json\/wp\/v2\/media?parent=254"}],"curies":[{"name":"wp","href":"https:\/\/api.w.org\/{rel}","templated":true}]}}