{"id":12,"date":"2025-10-17T15:58:16","date_gmt":"2025-10-17T15:58:16","guid":{"rendered":"http:\/\/www.kotihoivakatriina.fi\/?page_id=12"},"modified":"2025-10-21T22:27:28","modified_gmt":"2025-10-21T20:27:28","slug":"tilaa-palvelu","status":"publish","type":"page","link":"https:\/\/www.kotihoivakatriina.fi\/index.php\/tilaa-palvelu\/","title":{"rendered":"Ota yhteytt\u00e4"},"content":{"rendered":"<p>Suunnittelemme yhdess\u00e4 perheenne tarpeisiin sopivan palvelukokonaisuuden ja sovimme ajankohdan tutustumisk\u00e4ynnille. Tutustumisk\u00e4ynnill\u00e4 tapaatte teille valitun avustajan ja voitte yhdess\u00e4 suunnitella tulevat k\u00e4ynnit juuri teid\u00e4n toiveidenne mukaan. Palvelu voidaan aloittaa useimmiten jo muutamassa p\u00e4iv\u00e4ss\u00e4.<\/p>\n<p>Puhelin: <a href=\"tel:+358503205144\">+358503205144 <\/a><\/p>\n<p>S\u00e4hk\u00f6posti: <a href=\"mailto:katriina@kotihoivakatriina.fi\">katriina@kotihoivakatriina.fi<\/a>.<\/p>\n<p>Voit ottaa yhteytt\u00e4 puhelimitse tai s\u00e4hk\u00f6postitse ja varata ajan maksuttomaan palvelukartoitukseen.<br data-start=\"800\" data-end=\"803\" \/>Autamme mielell\u00e4mme kaikissa kotihoivaan liittyviss\u00e4 kysymyksiss\u00e4 ja kerromme lis\u00e4\u00e4 palveluistamme Espoon, Kauniaisten ja L\u00e4nsi-Helsingin alueella.<\/p>\n<h2>Yhteydenottolomake<\/h2>\n\n<div class=\"wpcf7 no-js\" id=\"wpcf7-f308-o1\" lang=\"fi\" dir=\"ltr\" data-wpcf7-id=\"308\">\n<div class=\"screen-reader-response\"><p role=\"status\" aria-live=\"polite\" aria-atomic=\"true\"><\/p> <ul><\/ul><\/div>\n<form action=\"\/index.php\/wp-json\/wp\/v2\/pages\/12#wpcf7-f308-o1\" method=\"post\" class=\"wpcf7-form init\" aria-label=\"Yhteydenottolomake\" novalidate=\"novalidate\" data-status=\"init\">\n<fieldset class=\"hidden-fields-container\"><input type=\"hidden\" name=\"_wpcf7\" value=\"308\" \/><input type=\"hidden\" name=\"_wpcf7_version\" value=\"6.1.5\" \/><input type=\"hidden\" name=\"_wpcf7_locale\" value=\"fi\" \/><input type=\"hidden\" name=\"_wpcf7_unit_tag\" value=\"wpcf7-f308-o1\" \/><input type=\"hidden\" name=\"_wpcf7_container_post\" value=\"0\" \/><input type=\"hidden\" name=\"_wpcf7_posted_data_hash\" value=\"\" \/>\n<\/fieldset>\n<p><label> Nimi <span class=\"wpcf7-form-control-wrap\" data-name=\"your-name\"><input size=\"40\" maxlength=\"400\" class=\"wpcf7-form-control wpcf7-text wpcf7-validates-as-required\" autocomplete=\"name\" aria-required=\"true\" aria-invalid=\"false\" value=\"\" type=\"text\" name=\"your-name\" \/><\/span> <\/label><br \/>\n<label>Kaupunki <span class=\"wpcf7-form-control-wrap\" data-name=\"kaupunki\"><select class=\"wpcf7-form-control wpcf7-select\" aria-invalid=\"false\" name=\"kaupunki\"><option value=\"\"><\/option><option value=\"Espoo\">Espoo<\/option><option value=\"Kauniainen\">Kauniainen<\/option><option value=\"Helsinki\">Helsinki<\/option><option value=\"Kirkkonummi\">Kirkkonummi<\/option><option value=\"Muu\">Muu<\/option><\/select><\/span><\/label><br \/>\n<label> S\u00e4hk\u00f6postiosoite <span class=\"wpcf7-form-control-wrap\" data-name=\"your-email\"><input size=\"40\" maxlength=\"400\" class=\"wpcf7-form-control wpcf7-email wpcf7-validates-as-required wpcf7-text wpcf7-validates-as-email\" autocomplete=\"email\" aria-required=\"true\" aria-invalid=\"false\" value=\"\" type=\"email\" name=\"your-email\" \/><\/span> <\/label><br \/>\n<label> Puhelinnumero <span class=\"wpcf7-form-control-wrap\" data-name=\"tel-285\"><input size=\"40\" maxlength=\"400\" class=\"wpcf7-form-control wpcf7-tel wpcf7-validates-as-required wpcf7-text wpcf7-validates-as-tel\" aria-required=\"true\" aria-invalid=\"false\" value=\"\" type=\"tel\" name=\"tel-285\" \/><\/span> <\/label><br \/>\n<label> Viesti <span class=\"wpcf7-form-control-wrap\" data-name=\"your-message\"><textarea cols=\"40\" rows=\"10\" maxlength=\"4000\" class=\"wpcf7-form-control wpcf7-textarea\" aria-invalid=\"false\" name=\"your-message\"><\/textarea><\/span> <\/label><br \/>\n<input class=\"wpcf7-form-control wpcf7-submit has-spinner\" type=\"submit\" value=\"L\u00e4het\u00e4\" \/>\n<\/p><div class=\"wpcf7-response-output\" aria-hidden=\"true\"><\/div>\n<\/form>\n<\/div>\n\n","protected":false},"excerpt":{"rendered":"<p>Suunnittelemme yhdess\u00e4 perheenne tarpeisiin sopivan palvelukokonaisuuden ja sovimme ajankohdan tutustumisk\u00e4ynnille. Tutustumisk\u00e4ynnill\u00e4 tapaatte teille valitun avustajan ja voitte yhdess\u00e4 suunnitella tulevat [&hellip;]<\/p>\n","protected":false},"author":1,"featured_media":298,"parent":0,"menu_order":0,"comment_status":"closed","ping_status":"closed","template":"","meta":{"_acf_changed":false,"site-sidebar-layout":"default","site-content-layout":"","ast-site-content-layout":"default","site-content-style":"default","site-sidebar-style":"default","ast-global-header-display":"","ast-banner-title-visibility":"","ast-main-header-display":"","ast-hfb-above-header-display":"","ast-hfb-below-header-display":"","ast-hfb-mobile-header-display":"","site-post-title":"","ast-breadcrumbs-content":"","ast-featured-img":"","footer-sml-layout":"","ast-disable-related-posts":"","theme-transparent-header-meta":"default","adv-header-id-meta":"","stick-header-meta":"","header-above-stick-meta":"","header-main-stick-meta":"","header-below-stick-meta":"","astra-migrate-meta-layouts":"set","ast-page-background-enabled":"default","ast-page-background-meta":{"desktop":{"background-color":"var(--ast-global-color-5)","background-image":"","background-repeat":"repeat","background-position":"center center","background-size":"auto","background-attachment":"scroll","background-type":"","background-media":"","overlay-type":"","overlay-color":"","overlay-opacity":"","overlay-gradient":""},"tablet":{"background-color":"","background-image":"","background-repeat":"repeat","background-position":"center center","background-size":"auto","background-attachment":"scroll","background-type":"","background-media":"","overlay-type":"","overlay-color":"","overlay-opacity":"","overlay-gradient":""},"mobile":{"background-color":"","background-image":"","background-repeat":"repeat","background-position":"center center","background-size":"auto","background-attachment":"scroll","background-type":"","background-media":"","overlay-type":"","overlay-color":"","overlay-opacity":"","overlay-gradient":""}},"ast-content-background-meta":{"desktop":{"background-color":"var(--ast-global-color-4)","background-image":"","background-repeat":"repeat","background-position":"center center","background-size":"auto","background-attachment":"scroll","background-type":"","background-media":"","overlay-type":"","overlay-color":"","overlay-opacity":"","overlay-gradient":""},"tablet":{"background-color":"var(--ast-global-color-4)","background-image":"","background-repeat":"repeat","background-position":"center center","background-size":"auto","background-attachment":"scroll","background-type":"","background-media":"","overlay-type":"","overlay-color":"","overlay-opacity":"","overlay-gradient":""},"mobile":{"background-color":"var(--ast-global-color-4)","background-image":"","background-repeat":"repeat","background-position":"center center","background-size":"auto","background-attachment":"scroll","background-type":"","background-media":"","overlay-type":"","overlay-color":"","overlay-opacity":"","overlay-gradient":""}},"footnotes":""},"class_list":["post-12","page","type-page","status-publish","has-post-thumbnail","hentry"],"acf":[],"yoast_head":"<!-- This site is optimized with the Yoast SEO plugin v27.4 - https:\/\/yoast.com\/product\/yoast-seo-wordpress\/ -->\n<title>Ota yhteytt\u00e4 - Kotihoiva Katriina<\/title>\n<meta name=\"description\" content=\"Kotihoiva Katriina \u2013 Ota yhteytt\u00e4 ja varaa maksuton tutustumisk\u00e4ynti. Palvelemme alueella Espoo - Kauniainen - L\u00e4nsi-Helsinki.\" \/>\n<meta name=\"robots\" content=\"index, follow, max-snippet:-1, max-image-preview:large, max-video-preview:-1\" \/>\n<link rel=\"canonical\" href=\"https:\/\/www.kotihoivakatriina.fi\/index.php\/tilaa-palvelu\/\" \/>\n<meta property=\"og:locale\" content=\"fi_FI\" \/>\n<meta property=\"og:type\" content=\"article\" \/>\n<meta property=\"og:title\" content=\"Ota yhteytt\u00e4 - Kotihoiva Katriina\" \/>\n<meta property=\"og:description\" content=\"Kotihoiva Katriina \u2013 Ota yhteytt\u00e4 ja varaa maksuton tutustumisk\u00e4ynti. Palvelemme alueella Espoo - Kauniainen - L\u00e4nsi-Helsinki.\" \/>\n<meta property=\"og:url\" content=\"https:\/\/www.kotihoivakatriina.fi\/index.php\/tilaa-palvelu\/\" \/>\n<meta property=\"og:site_name\" content=\"Kotihoiva Katriina\" \/>\n<meta property=\"article:modified_time\" content=\"2025-10-21T20:27:28+00:00\" \/>\n<meta property=\"og:image\" content=\"https:\/\/www.kotihoivakatriina.fi\/wp-content\/uploads\/2025\/10\/bg-meri2.jpg\" \/>\n\t<meta property=\"og:image:width\" content=\"1000\" \/>\n\t<meta property=\"og:image:height\" content=\"285\" \/>\n\t<meta property=\"og:image:type\" content=\"image\/jpeg\" \/>\n<meta name=\"twitter:card\" content=\"summary_large_image\" \/>\n<meta name=\"twitter:label1\" content=\"Arvioitu lukuaika\" \/>\n\t<meta name=\"twitter:data1\" content=\"1 minuutti\" \/>\n<script type=\"application\/ld+json\" class=\"yoast-schema-graph\">{\"@context\":\"https:\\\/\\\/schema.org\",\"@graph\":[{\"@type\":\"WebPage\",\"@id\":\"https:\\\/\\\/www.kotihoivakatriina.fi\\\/index.php\\\/tilaa-palvelu\\\/\",\"url\":\"https:\\\/\\\/www.kotihoivakatriina.fi\\\/index.php\\\/tilaa-palvelu\\\/\",\"name\":\"Ota yhteytt\u00e4 - Kotihoiva Katriina\",\"isPartOf\":{\"@id\":\"https:\\\/\\\/www.kotihoivakatriina.fi\\\/#website\"},\"primaryImageOfPage\":{\"@id\":\"https:\\\/\\\/www.kotihoivakatriina.fi\\\/index.php\\\/tilaa-palvelu\\\/#primaryimage\"},\"image\":{\"@id\":\"https:\\\/\\\/www.kotihoivakatriina.fi\\\/index.php\\\/tilaa-palvelu\\\/#primaryimage\"},\"thumbnailUrl\":\"https:\\\/\\\/www.kotihoivakatriina.fi\\\/wp-content\\\/uploads\\\/2025\\\/10\\\/bg-meri2.jpg\",\"datePublished\":\"2025-10-17T15:58:16+00:00\",\"dateModified\":\"2025-10-21T20:27:28+00:00\",\"description\":\"Kotihoiva Katriina \u2013 Ota yhteytt\u00e4 ja varaa maksuton tutustumisk\u00e4ynti. Palvelemme alueella Espoo - Kauniainen - L\u00e4nsi-Helsinki.\",\"breadcrumb\":{\"@id\":\"https:\\\/\\\/www.kotihoivakatriina.fi\\\/index.php\\\/tilaa-palvelu\\\/#breadcrumb\"},\"inLanguage\":\"fi\",\"potentialAction\":[{\"@type\":\"ReadAction\",\"target\":[\"https:\\\/\\\/www.kotihoivakatriina.fi\\\/index.php\\\/tilaa-palvelu\\\/\"]}]},{\"@type\":\"ImageObject\",\"inLanguage\":\"fi\",\"@id\":\"https:\\\/\\\/www.kotihoivakatriina.fi\\\/index.php\\\/tilaa-palvelu\\\/#primaryimage\",\"url\":\"https:\\\/\\\/www.kotihoivakatriina.fi\\\/wp-content\\\/uploads\\\/2025\\\/10\\\/bg-meri2.jpg\",\"contentUrl\":\"https:\\\/\\\/www.kotihoivakatriina.fi\\\/wp-content\\\/uploads\\\/2025\\\/10\\\/bg-meri2.jpg\",\"width\":1000,\"height\":285},{\"@type\":\"BreadcrumbList\",\"@id\":\"https:\\\/\\\/www.kotihoivakatriina.fi\\\/index.php\\\/tilaa-palvelu\\\/#breadcrumb\",\"itemListElement\":[{\"@type\":\"ListItem\",\"position\":1,\"name\":\"Etusivu\",\"item\":\"https:\\\/\\\/www.kotihoivakatriina.fi\\\/\"},{\"@type\":\"ListItem\",\"position\":2,\"name\":\"Ota yhteytt\u00e4\"}]},{\"@type\":\"WebSite\",\"@id\":\"https:\\\/\\\/www.kotihoivakatriina.fi\\\/#website\",\"url\":\"https:\\\/\\\/www.kotihoivakatriina.fi\\\/\",\"name\":\"kotihoivakatriina.fi\",\"description\":\"Kotihoivapalveluita pk-seudulla\",\"publisher\":{\"@id\":\"https:\\\/\\\/www.kotihoivakatriina.fi\\\/#organization\"},\"potentialAction\":[{\"@type\":\"SearchAction\",\"target\":{\"@type\":\"EntryPoint\",\"urlTemplate\":\"https:\\\/\\\/www.kotihoivakatriina.fi\\\/?s={search_term_string}\"},\"query-input\":{\"@type\":\"PropertyValueSpecification\",\"valueRequired\":true,\"valueName\":\"search_term_string\"}}],\"inLanguage\":\"fi\"},{\"@type\":\"Organization\",\"@id\":\"https:\\\/\\\/www.kotihoivakatriina.fi\\\/#organization\",\"name\":\"Kotihoiva Katriina\",\"url\":\"https:\\\/\\\/www.kotihoivakatriina.fi\\\/\",\"logo\":{\"@type\":\"ImageObject\",\"inLanguage\":\"fi\",\"@id\":\"https:\\\/\\\/www.kotihoivakatriina.fi\\\/#\\\/schema\\\/logo\\\/image\\\/\",\"url\":\"https:\\\/\\\/www.kotihoivakatriina.fi\\\/wp-content\\\/uploads\\\/2025\\\/10\\\/Kotihoiva-Katriina-Iloa-jokaiseen-paivaan-logo-wide.png\",\"contentUrl\":\"https:\\\/\\\/www.kotihoivakatriina.fi\\\/wp-content\\\/uploads\\\/2025\\\/10\\\/Kotihoiva-Katriina-Iloa-jokaiseen-paivaan-logo-wide.png\",\"width\":1264,\"height\":401,\"caption\":\"Kotihoiva Katriina\"},\"image\":{\"@id\":\"https:\\\/\\\/www.kotihoivakatriina.fi\\\/#\\\/schema\\\/logo\\\/image\\\/\"}}]}<\/script>\n<!-- \/ Yoast SEO plugin. -->","yoast_head_json":{"title":"Ota yhteytt\u00e4 - Kotihoiva Katriina","description":"Kotihoiva Katriina \u2013 Ota yhteytt\u00e4 ja varaa maksuton tutustumisk\u00e4ynti. Palvelemme alueella Espoo - Kauniainen - L\u00e4nsi-Helsinki.","robots":{"index":"index","follow":"follow","max-snippet":"max-snippet:-1","max-image-preview":"max-image-preview:large","max-video-preview":"max-video-preview:-1"},"canonical":"https:\/\/www.kotihoivakatriina.fi\/index.php\/tilaa-palvelu\/","og_locale":"fi_FI","og_type":"article","og_title":"Ota yhteytt\u00e4 - Kotihoiva Katriina","og_description":"Kotihoiva Katriina \u2013 Ota yhteytt\u00e4 ja varaa maksuton tutustumisk\u00e4ynti. Palvelemme alueella Espoo - Kauniainen - L\u00e4nsi-Helsinki.","og_url":"https:\/\/www.kotihoivakatriina.fi\/index.php\/tilaa-palvelu\/","og_site_name":"Kotihoiva Katriina","article_modified_time":"2025-10-21T20:27:28+00:00","og_image":[{"width":1000,"height":285,"url":"https:\/\/www.kotihoivakatriina.fi\/wp-content\/uploads\/2025\/10\/bg-meri2.jpg","type":"image\/jpeg"}],"twitter_card":"summary_large_image","twitter_misc":{"Arvioitu lukuaika":"1 minuutti"},"schema":{"@context":"https:\/\/schema.org","@graph":[{"@type":"WebPage","@id":"https:\/\/www.kotihoivakatriina.fi\/index.php\/tilaa-palvelu\/","url":"https:\/\/www.kotihoivakatriina.fi\/index.php\/tilaa-palvelu\/","name":"Ota yhteytt\u00e4 - Kotihoiva Katriina","isPartOf":{"@id":"https:\/\/www.kotihoivakatriina.fi\/#website"},"primaryImageOfPage":{"@id":"https:\/\/www.kotihoivakatriina.fi\/index.php\/tilaa-palvelu\/#primaryimage"},"image":{"@id":"https:\/\/www.kotihoivakatriina.fi\/index.php\/tilaa-palvelu\/#primaryimage"},"thumbnailUrl":"https:\/\/www.kotihoivakatriina.fi\/wp-content\/uploads\/2025\/10\/bg-meri2.jpg","datePublished":"2025-10-17T15:58:16+00:00","dateModified":"2025-10-21T20:27:28+00:00","description":"Kotihoiva Katriina \u2013 Ota yhteytt\u00e4 ja varaa maksuton tutustumisk\u00e4ynti. Palvelemme alueella Espoo - Kauniainen - L\u00e4nsi-Helsinki.","breadcrumb":{"@id":"https:\/\/www.kotihoivakatriina.fi\/index.php\/tilaa-palvelu\/#breadcrumb"},"inLanguage":"fi","potentialAction":[{"@type":"ReadAction","target":["https:\/\/www.kotihoivakatriina.fi\/index.php\/tilaa-palvelu\/"]}]},{"@type":"ImageObject","inLanguage":"fi","@id":"https:\/\/www.kotihoivakatriina.fi\/index.php\/tilaa-palvelu\/#primaryimage","url":"https:\/\/www.kotihoivakatriina.fi\/wp-content\/uploads\/2025\/10\/bg-meri2.jpg","contentUrl":"https:\/\/www.kotihoivakatriina.fi\/wp-content\/uploads\/2025\/10\/bg-meri2.jpg","width":1000,"height":285},{"@type":"BreadcrumbList","@id":"https:\/\/www.kotihoivakatriina.fi\/index.php\/tilaa-palvelu\/#breadcrumb","itemListElement":[{"@type":"ListItem","position":1,"name":"Etusivu","item":"https:\/\/www.kotihoivakatriina.fi\/"},{"@type":"ListItem","position":2,"name":"Ota yhteytt\u00e4"}]},{"@type":"WebSite","@id":"https:\/\/www.kotihoivakatriina.fi\/#website","url":"https:\/\/www.kotihoivakatriina.fi\/","name":"kotihoivakatriina.fi","description":"Kotihoivapalveluita pk-seudulla","publisher":{"@id":"https:\/\/www.kotihoivakatriina.fi\/#organization"},"potentialAction":[{"@type":"SearchAction","target":{"@type":"EntryPoint","urlTemplate":"https:\/\/www.kotihoivakatriina.fi\/?s={search_term_string}"},"query-input":{"@type":"PropertyValueSpecification","valueRequired":true,"valueName":"search_term_string"}}],"inLanguage":"fi"},{"@type":"Organization","@id":"https:\/\/www.kotihoivakatriina.fi\/#organization","name":"Kotihoiva Katriina","url":"https:\/\/www.kotihoivakatriina.fi\/","logo":{"@type":"ImageObject","inLanguage":"fi","@id":"https:\/\/www.kotihoivakatriina.fi\/#\/schema\/logo\/image\/","url":"https:\/\/www.kotihoivakatriina.fi\/wp-content\/uploads\/2025\/10\/Kotihoiva-Katriina-Iloa-jokaiseen-paivaan-logo-wide.png","contentUrl":"https:\/\/www.kotihoivakatriina.fi\/wp-content\/uploads\/2025\/10\/Kotihoiva-Katriina-Iloa-jokaiseen-paivaan-logo-wide.png","width":1264,"height":401,"caption":"Kotihoiva Katriina"},"image":{"@id":"https:\/\/www.kotihoivakatriina.fi\/#\/schema\/logo\/image\/"}}]}},"_links":{"self":[{"href":"https:\/\/www.kotihoivakatriina.fi\/index.php\/wp-json\/wp\/v2\/pages\/12","targetHints":{"allow":["GET"]}}],"collection":[{"href":"https:\/\/www.kotihoivakatriina.fi\/index.php\/wp-json\/wp\/v2\/pages"}],"about":[{"href":"https:\/\/www.kotihoivakatriina.fi\/index.php\/wp-json\/wp\/v2\/types\/page"}],"author":[{"embeddable":true,"href":"https:\/\/www.kotihoivakatriina.fi\/index.php\/wp-json\/wp\/v2\/users\/1"}],"replies":[{"embeddable":true,"href":"https:\/\/www.kotihoivakatriina.fi\/index.php\/wp-json\/wp\/v2\/comments?post=12"}],"version-history":[{"count":19,"href":"https:\/\/www.kotihoivakatriina.fi\/index.php\/wp-json\/wp\/v2\/pages\/12\/revisions"}],"predecessor-version":[{"id":313,"href":"https:\/\/www.kotihoivakatriina.fi\/index.php\/wp-json\/wp\/v2\/pages\/12\/revisions\/313"}],"wp:featuredmedia":[{"embeddable":true,"href":"https:\/\/www.kotihoivakatriina.fi\/index.php\/wp-json\/wp\/v2\/media\/298"}],"wp:attachment":[{"href":"https:\/\/www.kotihoivakatriina.fi\/index.php\/wp-json\/wp\/v2\/media?parent=12"}],"curies":[{"name":"wp","href":"https:\/\/api.w.org\/{rel}","templated":true}]}}