{"id":10,"date":"2025-10-17T15:56:07","date_gmt":"2025-10-17T15:56:07","guid":{"rendered":"http:\/\/www.kotihoivakatriina.fi\/?page_id=10"},"modified":"2025-10-21T15:16:57","modified_gmt":"2025-10-21T13:16:57","slug":"tietoa-meista","status":"publish","type":"page","link":"https:\/\/www.kotihoivakatriina.fi\/index.php\/tietoa-meista\/","title":{"rendered":"Tietoa meist\u00e4"},"content":{"rendered":"\r\n\r\n\r\n<p>Syd\u00e4mellist\u00e4 iloa, turvaa ja merkityksellisi\u00e4 kohtaamisia arkeen<\/p>\r\n<p>Kotihoiva Katriina tarjoaa syd\u00e4mellist\u00e4 ja laadukasta apua arkeen, jotta jokainen voisi asua omassa kodissaan turvallisesti, arvokkaasti ja hyv\u00e4ll\u00e4 mielell\u00e4. Ty\u00f6ntekij\u00e4mme ovat l\u00e4mminsyd\u00e4misi\u00e4 ihmisi\u00e4, jotka kohtaavat jokaisen asiakkaan yksil\u00f6n\u00e4 \u2013 l\u00e4mm\u00f6ll\u00e4, ymm\u00e4rryksell\u00e4 ja arvostuksella.<\/p>\r\n<p>Autamme arjen askareissa, kuten ruoanlaitossa, siivouksessa, pyykkihuollossa, pukeutumisessa ja peseytymisess\u00e4. Tarjoamme my\u00f6s asiointiapua ja l\u00e4hdemme mielell\u00e4mme mukaan kauppaan, apteekkiin tai l\u00e4\u00e4k\u00e4rik\u00e4ynnille \u2013 turvana, tukena ja tietenkin my\u00f6s yst\u00e4v\u00e4llisen\u00e4 kumppanina.<\/p>\r\n<p>Lis\u00e4ksi olemme seuraa, joka oikeasti kuuntelee ja keskustelee. Olipa aiheena p\u00e4iv\u00e4n s\u00e4\u00e4, perhe ja el\u00e4m\u00e4nkokemukset tai maailmanpolitiikka, meilt\u00e4 l\u00f6ytyy aikaa ja kiinnostusta \u2013 ja ennen kaikkea, aitoa l\u00e4sn\u00e4oloa.<\/p>\r\n<p>Asiakkaiden kotona tapahtuva ty\u00f6 on meille syd\u00e4men asia, ja olemmekin saaneet runsaasti my\u00f6nteist\u00e4 palautetta iloisesta asenteestamme ja aidosta halustamme auttaa ihmisi\u00e4.<\/p>\r\n<p>Haluamme varmistaa, ett\u00e4 palvelumme laatu pysyy korkeana ja ett\u00e4 asiakkaillamme on hyv\u00e4 ja turvallinen olo omassa kodissaan.<\/p>\r\n<p>Ota yhteytt\u00e4, niin suunnitellaan teid\u00e4n perheenne ja l\u00e4heistenne tarpeisiin sopiva palvelu!<\/p>\r\n<p><img loading=\"lazy\" decoding=\"async\" class=\"wp-image-29 size-thumbnail alignleft\" src=\"https:\/\/www.kotihoivakatriina.fi\/wp-content\/uploads\/2025\/10\/itse-yrittaja-150x150.jpg\" alt=\"\" width=\"150\" height=\"150\" srcset=\"https:\/\/www.kotihoivakatriina.fi\/wp-content\/uploads\/2025\/10\/itse-yrittaja-150x150.jpg 150w, https:\/\/www.kotihoivakatriina.fi\/wp-content\/uploads\/2025\/10\/itse-yrittaja-300x300.jpg 300w, https:\/\/www.kotihoivakatriina.fi\/wp-content\/uploads\/2025\/10\/itse-yrittaja.jpg 566w\" sizes=\"auto, (max-width: 150px) 100vw, 150px\" \/>Terveisin, Katriina ja tiimi\u00a0<\/p>\r\n<p>&nbsp;<\/p>\r\n<p>&nbsp;<\/p>","protected":false},"excerpt":{"rendered":"<p>Syd\u00e4mellist\u00e4 iloa, turvaa ja merkityksellisi\u00e4 kohtaamisia arkeen Kotihoiva Katriina tarjoaa syd\u00e4mellist\u00e4 ja laadukasta apua arkeen, jotta jokainen voisi asua omassa [&hellip;]<\/p>\n","protected":false},"author":1,"featured_media":296,"parent":0,"menu_order":0,"comment_status":"closed","ping_status":"closed","template":"","meta":{"_acf_changed":false,"site-sidebar-layout":"default","site-content-layout":"","ast-site-content-layout":"default","site-content-style":"default","site-sidebar-style":"default","ast-global-header-display":"","ast-banner-title-visibility":"","ast-main-header-display":"","ast-hfb-above-header-display":"","ast-hfb-below-header-display":"","ast-hfb-mobile-header-display":"","site-post-title":"","ast-breadcrumbs-content":"","ast-featured-img":"","footer-sml-layout":"","ast-disable-related-posts":"","theme-transparent-header-meta":"default","adv-header-id-meta":"","stick-header-meta":"","header-above-stick-meta":"","header-main-stick-meta":"","header-below-stick-meta":"","astra-migrate-meta-layouts":"set","ast-page-background-enabled":"default","ast-page-background-meta":{"desktop":{"background-color":"var(--ast-global-color-5)","background-image":"","background-repeat":"repeat","background-position":"center center","background-size":"auto","background-attachment":"scroll","background-type":"","background-media":"","overlay-type":"","overlay-color":"","overlay-opacity":"","overlay-gradient":""},"tablet":{"background-color":"","background-image":"","background-repeat":"repeat","background-position":"center center","background-size":"auto","background-attachment":"scroll","background-type":"","background-media":"","overlay-type":"","overlay-color":"","overlay-opacity":"","overlay-gradient":""},"mobile":{"background-color":"","background-image":"","background-repeat":"repeat","background-position":"center center","background-size":"auto","background-attachment":"scroll","background-type":"","background-media":"","overlay-type":"","overlay-color":"","overlay-opacity":"","overlay-gradient":""}},"ast-content-background-meta":{"desktop":{"background-color":"var(--ast-global-color-4)","background-image":"","background-repeat":"repeat","background-position":"center center","background-size":"auto","background-attachment":"scroll","background-type":"","background-media":"","overlay-type":"","overlay-color":"","overlay-opacity":"","overlay-gradient":""},"tablet":{"background-color":"var(--ast-global-color-4)","background-image":"","background-repeat":"repeat","background-position":"center center","background-size":"auto","background-attachment":"scroll","background-type":"","background-media":"","overlay-type":"","overlay-color":"","overlay-opacity":"","overlay-gradient":""},"mobile":{"background-color":"var(--ast-global-color-4)","background-image":"","background-repeat":"repeat","background-position":"center center","background-size":"auto","background-attachment":"scroll","background-type":"","background-media":"","overlay-type":"","overlay-color":"","overlay-opacity":"","overlay-gradient":""}},"footnotes":""},"class_list":["post-10","page","type-page","status-publish","has-post-thumbnail","hentry"],"acf":[],"yoast_head":"<!-- This site is optimized with the Yoast SEO plugin v27.4 - https:\/\/yoast.com\/product\/yoast-seo-wordpress\/ -->\n<title>Tietoa meist\u00e4 - Kotihoiva Katriina<\/title>\n<meta name=\"description\" content=\"Kotihoiva alueella Espoo - Kauniainen - L\u00e4nsi-Helsinki. Meid\u00e4n avullamme arki sujuu kotona \u2013 inhimillisesti ja arvokkaasti.\" \/>\n<meta name=\"robots\" content=\"index, follow, max-snippet:-1, max-image-preview:large, max-video-preview:-1\" \/>\n<link rel=\"canonical\" href=\"https:\/\/www.kotihoivakatriina.fi\/index.php\/tietoa-meista\/\" \/>\n<meta property=\"og:locale\" content=\"fi_FI\" \/>\n<meta property=\"og:type\" content=\"article\" \/>\n<meta property=\"og:title\" content=\"Tietoa meist\u00e4 - Kotihoiva Katriina\" \/>\n<meta property=\"og:description\" content=\"Kotihoiva alueella Espoo - Kauniainen - L\u00e4nsi-Helsinki. Meid\u00e4n avullamme arki sujuu kotona \u2013 inhimillisesti ja arvokkaasti.\" \/>\n<meta property=\"og:url\" content=\"https:\/\/www.kotihoivakatriina.fi\/index.php\/tietoa-meista\/\" \/>\n<meta property=\"og:site_name\" content=\"Kotihoiva Katriina\" \/>\n<meta property=\"article:modified_time\" content=\"2025-10-21T13:16:57+00:00\" \/>\n<meta property=\"og:image\" content=\"https:\/\/www.kotihoivakatriina.fi\/wp-content\/uploads\/2025\/10\/kukat-small2.jpg\" \/>\n\t<meta property=\"og:image:width\" content=\"886\" \/>\n\t<meta property=\"og:image:height\" content=\"374\" \/>\n\t<meta property=\"og:image:type\" content=\"image\/jpeg\" \/>\n<meta name=\"twitter:card\" content=\"summary_large_image\" \/>\n<meta name=\"twitter:label1\" content=\"Arvioitu lukuaika\" \/>\n\t<meta name=\"twitter:data1\" content=\"2 minuuttia\" \/>\n<script type=\"application\/ld+json\" class=\"yoast-schema-graph\">{\"@context\":\"https:\\\/\\\/schema.org\",\"@graph\":[{\"@type\":\"WebPage\",\"@id\":\"https:\\\/\\\/www.kotihoivakatriina.fi\\\/index.php\\\/tietoa-meista\\\/\",\"url\":\"https:\\\/\\\/www.kotihoivakatriina.fi\\\/index.php\\\/tietoa-meista\\\/\",\"name\":\"Tietoa meist\u00e4 - Kotihoiva Katriina\",\"isPartOf\":{\"@id\":\"https:\\\/\\\/www.kotihoivakatriina.fi\\\/#website\"},\"primaryImageOfPage\":{\"@id\":\"https:\\\/\\\/www.kotihoivakatriina.fi\\\/index.php\\\/tietoa-meista\\\/#primaryimage\"},\"image\":{\"@id\":\"https:\\\/\\\/www.kotihoivakatriina.fi\\\/index.php\\\/tietoa-meista\\\/#primaryimage\"},\"thumbnailUrl\":\"https:\\\/\\\/www.kotihoivakatriina.fi\\\/wp-content\\\/uploads\\\/2025\\\/10\\\/kukat-small2.jpg\",\"datePublished\":\"2025-10-17T15:56:07+00:00\",\"dateModified\":\"2025-10-21T13:16:57+00:00\",\"description\":\"Kotihoiva alueella Espoo - Kauniainen - L\u00e4nsi-Helsinki. Meid\u00e4n avullamme arki sujuu kotona \u2013 inhimillisesti ja arvokkaasti.\",\"breadcrumb\":{\"@id\":\"https:\\\/\\\/www.kotihoivakatriina.fi\\\/index.php\\\/tietoa-meista\\\/#breadcrumb\"},\"inLanguage\":\"fi\",\"potentialAction\":[{\"@type\":\"ReadAction\",\"target\":[\"https:\\\/\\\/www.kotihoivakatriina.fi\\\/index.php\\\/tietoa-meista\\\/\"]}]},{\"@type\":\"ImageObject\",\"inLanguage\":\"fi\",\"@id\":\"https:\\\/\\\/www.kotihoivakatriina.fi\\\/index.php\\\/tietoa-meista\\\/#primaryimage\",\"url\":\"https:\\\/\\\/www.kotihoivakatriina.fi\\\/wp-content\\\/uploads\\\/2025\\\/10\\\/kukat-small2.jpg\",\"contentUrl\":\"https:\\\/\\\/www.kotihoivakatriina.fi\\\/wp-content\\\/uploads\\\/2025\\\/10\\\/kukat-small2.jpg\",\"width\":886,\"height\":374},{\"@type\":\"BreadcrumbList\",\"@id\":\"https:\\\/\\\/www.kotihoivakatriina.fi\\\/index.php\\\/tietoa-meista\\\/#breadcrumb\",\"itemListElement\":[{\"@type\":\"ListItem\",\"position\":1,\"name\":\"Etusivu\",\"item\":\"https:\\\/\\\/www.kotihoivakatriina.fi\\\/\"},{\"@type\":\"ListItem\",\"position\":2,\"name\":\"Tietoa meist\u00e4\"}]},{\"@type\":\"WebSite\",\"@id\":\"https:\\\/\\\/www.kotihoivakatriina.fi\\\/#website\",\"url\":\"https:\\\/\\\/www.kotihoivakatriina.fi\\\/\",\"name\":\"kotihoivakatriina.fi\",\"description\":\"Kotihoivapalveluita pk-seudulla\",\"publisher\":{\"@id\":\"https:\\\/\\\/www.kotihoivakatriina.fi\\\/#organization\"},\"potentialAction\":[{\"@type\":\"SearchAction\",\"target\":{\"@type\":\"EntryPoint\",\"urlTemplate\":\"https:\\\/\\\/www.kotihoivakatriina.fi\\\/?s={search_term_string}\"},\"query-input\":{\"@type\":\"PropertyValueSpecification\",\"valueRequired\":true,\"valueName\":\"search_term_string\"}}],\"inLanguage\":\"fi\"},{\"@type\":\"Organization\",\"@id\":\"https:\\\/\\\/www.kotihoivakatriina.fi\\\/#organization\",\"name\":\"Kotihoiva Katriina\",\"url\":\"https:\\\/\\\/www.kotihoivakatriina.fi\\\/\",\"logo\":{\"@type\":\"ImageObject\",\"inLanguage\":\"fi\",\"@id\":\"https:\\\/\\\/www.kotihoivakatriina.fi\\\/#\\\/schema\\\/logo\\\/image\\\/\",\"url\":\"https:\\\/\\\/www.kotihoivakatriina.fi\\\/wp-content\\\/uploads\\\/2025\\\/10\\\/Kotihoiva-Katriina-Iloa-jokaiseen-paivaan-logo-wide.png\",\"contentUrl\":\"https:\\\/\\\/www.kotihoivakatriina.fi\\\/wp-content\\\/uploads\\\/2025\\\/10\\\/Kotihoiva-Katriina-Iloa-jokaiseen-paivaan-logo-wide.png\",\"width\":1264,\"height\":401,\"caption\":\"Kotihoiva Katriina\"},\"image\":{\"@id\":\"https:\\\/\\\/www.kotihoivakatriina.fi\\\/#\\\/schema\\\/logo\\\/image\\\/\"}}]}<\/script>\n<!-- \/ Yoast SEO plugin. -->","yoast_head_json":{"title":"Tietoa meist\u00e4 - Kotihoiva Katriina","description":"Kotihoiva alueella Espoo - Kauniainen - L\u00e4nsi-Helsinki. Meid\u00e4n avullamme arki sujuu kotona \u2013 inhimillisesti ja arvokkaasti.","robots":{"index":"index","follow":"follow","max-snippet":"max-snippet:-1","max-image-preview":"max-image-preview:large","max-video-preview":"max-video-preview:-1"},"canonical":"https:\/\/www.kotihoivakatriina.fi\/index.php\/tietoa-meista\/","og_locale":"fi_FI","og_type":"article","og_title":"Tietoa meist\u00e4 - Kotihoiva Katriina","og_description":"Kotihoiva alueella Espoo - Kauniainen - L\u00e4nsi-Helsinki. Meid\u00e4n avullamme arki sujuu kotona \u2013 inhimillisesti ja arvokkaasti.","og_url":"https:\/\/www.kotihoivakatriina.fi\/index.php\/tietoa-meista\/","og_site_name":"Kotihoiva Katriina","article_modified_time":"2025-10-21T13:16:57+00:00","og_image":[{"width":886,"height":374,"url":"https:\/\/www.kotihoivakatriina.fi\/wp-content\/uploads\/2025\/10\/kukat-small2.jpg","type":"image\/jpeg"}],"twitter_card":"summary_large_image","twitter_misc":{"Arvioitu lukuaika":"2 minuuttia"},"schema":{"@context":"https:\/\/schema.org","@graph":[{"@type":"WebPage","@id":"https:\/\/www.kotihoivakatriina.fi\/index.php\/tietoa-meista\/","url":"https:\/\/www.kotihoivakatriina.fi\/index.php\/tietoa-meista\/","name":"Tietoa meist\u00e4 - Kotihoiva Katriina","isPartOf":{"@id":"https:\/\/www.kotihoivakatriina.fi\/#website"},"primaryImageOfPage":{"@id":"https:\/\/www.kotihoivakatriina.fi\/index.php\/tietoa-meista\/#primaryimage"},"image":{"@id":"https:\/\/www.kotihoivakatriina.fi\/index.php\/tietoa-meista\/#primaryimage"},"thumbnailUrl":"https:\/\/www.kotihoivakatriina.fi\/wp-content\/uploads\/2025\/10\/kukat-small2.jpg","datePublished":"2025-10-17T15:56:07+00:00","dateModified":"2025-10-21T13:16:57+00:00","description":"Kotihoiva alueella Espoo - Kauniainen - L\u00e4nsi-Helsinki. Meid\u00e4n avullamme arki sujuu kotona \u2013 inhimillisesti ja arvokkaasti.","breadcrumb":{"@id":"https:\/\/www.kotihoivakatriina.fi\/index.php\/tietoa-meista\/#breadcrumb"},"inLanguage":"fi","potentialAction":[{"@type":"ReadAction","target":["https:\/\/www.kotihoivakatriina.fi\/index.php\/tietoa-meista\/"]}]},{"@type":"ImageObject","inLanguage":"fi","@id":"https:\/\/www.kotihoivakatriina.fi\/index.php\/tietoa-meista\/#primaryimage","url":"https:\/\/www.kotihoivakatriina.fi\/wp-content\/uploads\/2025\/10\/kukat-small2.jpg","contentUrl":"https:\/\/www.kotihoivakatriina.fi\/wp-content\/uploads\/2025\/10\/kukat-small2.jpg","width":886,"height":374},{"@type":"BreadcrumbList","@id":"https:\/\/www.kotihoivakatriina.fi\/index.php\/tietoa-meista\/#breadcrumb","itemListElement":[{"@type":"ListItem","position":1,"name":"Etusivu","item":"https:\/\/www.kotihoivakatriina.fi\/"},{"@type":"ListItem","position":2,"name":"Tietoa meist\u00e4"}]},{"@type":"WebSite","@id":"https:\/\/www.kotihoivakatriina.fi\/#website","url":"https:\/\/www.kotihoivakatriina.fi\/","name":"kotihoivakatriina.fi","description":"Kotihoivapalveluita pk-seudulla","publisher":{"@id":"https:\/\/www.kotihoivakatriina.fi\/#organization"},"potentialAction":[{"@type":"SearchAction","target":{"@type":"EntryPoint","urlTemplate":"https:\/\/www.kotihoivakatriina.fi\/?s={search_term_string}"},"query-input":{"@type":"PropertyValueSpecification","valueRequired":true,"valueName":"search_term_string"}}],"inLanguage":"fi"},{"@type":"Organization","@id":"https:\/\/www.kotihoivakatriina.fi\/#organization","name":"Kotihoiva Katriina","url":"https:\/\/www.kotihoivakatriina.fi\/","logo":{"@type":"ImageObject","inLanguage":"fi","@id":"https:\/\/www.kotihoivakatriina.fi\/#\/schema\/logo\/image\/","url":"https:\/\/www.kotihoivakatriina.fi\/wp-content\/uploads\/2025\/10\/Kotihoiva-Katriina-Iloa-jokaiseen-paivaan-logo-wide.png","contentUrl":"https:\/\/www.kotihoivakatriina.fi\/wp-content\/uploads\/2025\/10\/Kotihoiva-Katriina-Iloa-jokaiseen-paivaan-logo-wide.png","width":1264,"height":401,"caption":"Kotihoiva Katriina"},"image":{"@id":"https:\/\/www.kotihoivakatriina.fi\/#\/schema\/logo\/image\/"}}]}},"_links":{"self":[{"href":"https:\/\/www.kotihoivakatriina.fi\/index.php\/wp-json\/wp\/v2\/pages\/10","targetHints":{"allow":["GET"]}}],"collection":[{"href":"https:\/\/www.kotihoivakatriina.fi\/index.php\/wp-json\/wp\/v2\/pages"}],"about":[{"href":"https:\/\/www.kotihoivakatriina.fi\/index.php\/wp-json\/wp\/v2\/types\/page"}],"author":[{"embeddable":true,"href":"https:\/\/www.kotihoivakatriina.fi\/index.php\/wp-json\/wp\/v2\/users\/1"}],"replies":[{"embeddable":true,"href":"https:\/\/www.kotihoivakatriina.fi\/index.php\/wp-json\/wp\/v2\/comments?post=10"}],"version-history":[{"count":15,"href":"https:\/\/www.kotihoivakatriina.fi\/index.php\/wp-json\/wp\/v2\/pages\/10\/revisions"}],"predecessor-version":[{"id":272,"href":"https:\/\/www.kotihoivakatriina.fi\/index.php\/wp-json\/wp\/v2\/pages\/10\/revisions\/272"}],"wp:featuredmedia":[{"embeddable":true,"href":"https:\/\/www.kotihoivakatriina.fi\/index.php\/wp-json\/wp\/v2\/media\/296"}],"wp:attachment":[{"href":"https:\/\/www.kotihoivakatriina.fi\/index.php\/wp-json\/wp\/v2\/media?parent=10"}],"curies":[{"name":"wp","href":"https:\/\/api.w.org\/{rel}","templated":true}]}}